{"id":64,"date":"2022-03-31T08:56:29","date_gmt":"2022-03-31T08:56:29","guid":{"rendered":"http:\/\/localhost\/eurolab\/?page_id=64"},"modified":"2023-07-05T08:07:23","modified_gmt":"2023-07-05T08:07:23","slug":"karriera","status":"publish","type":"page","link":"https:\/\/eurolabinternacional.com\/en\/karriera\/","title":{"rendered":"Careers"},"content":{"rendered":"<h2 class=\"wp-block-heading\">Why Eurolab?<\/h2>\n\n\n\n<p>Eurolab is the Albanian business that has had the fastest growth and expansion, nationwide and in the region. You have the chance to challenge yourself, advance professionally, and advance your career in 8 markets in a variety of directions, including sales, marketing, logistics, finance, etc. thanks to the culture, the workplace environment, and most importantly, our qualified team - Sky is the limit!<br>We welcome you!<\/p>\n\n\n\n<p>For more information about our company's policies <a href=\"https:\/\/qrfy.com\/p\/JFzZGlVeYo\"><strong><a href=\"https:\/\/qrfy.com\/p\/JFzZGlVeYo\">KLIKO K\u00cbTU<\/a><\/strong><\/a><\/p>","protected":false},"excerpt":{"rendered":"<p>Pse Eurolab? Eurolab \u00ebsht\u00eb kompania shqiptare me zhvillimin dhe rritjen m\u00eb t\u00eb shpejt\u00eb n\u00eb vend dhe n\u00eb rajon. Kultura, mjedisi i pun\u00ebs dhe mbi t\u00eb gjitha ekipi yn\u00eb profesional ju japin mund\u00ebsin\u00eb t\u00eb sfidoni veten, t\u00eb zhvilloheni profesionalisht dhe t\u00eb rriteni n\u00eb karrier\u00eb n\u00eb 8 tregje n\u00eb nj\u00eb gam\u00eb t\u00eb gjer\u00eb drejtimesh: shitje, marketing, logjistik\u00eb, [&hellip;]<\/p>\n","protected":false},"author":1,"featured_media":359,"parent":0,"menu_order":0,"comment_status":"closed","ping_status":"closed","template":"karriera.php","meta":{"_acf_changed":false,"footnotes":""},"class_list":["post-64","page","type-page","status-publish","has-post-thumbnail","hentry"],"acf":[],"yoast_head":"<!-- This site is optimized with the Yoast SEO plugin v27.4 - https:\/\/yoast.com\/product\/yoast-seo-wordpress\/ -->\n<title>Karriera - Eurolab<\/title>\n<meta name=\"robots\" content=\"index, follow, max-snippet:-1, max-image-preview:large, max-video-preview:-1\" \/>\n<link rel=\"canonical\" href=\"https:\/\/eurolabinternacional.com\/en\/karriera\/\" \/>\n<meta property=\"og:locale\" content=\"en_US\" \/>\n<meta property=\"og:type\" content=\"article\" \/>\n<meta property=\"og:title\" content=\"Karriera - Eurolab\" \/>\n<meta property=\"og:description\" content=\"Pse Eurolab? Eurolab \u00ebsht\u00eb kompania shqiptare me zhvillimin dhe rritjen m\u00eb t\u00eb shpejt\u00eb n\u00eb vend dhe n\u00eb rajon. Kultura, mjedisi i pun\u00ebs dhe mbi t\u00eb gjitha ekipi yn\u00eb profesional ju japin mund\u00ebsin\u00eb t\u00eb sfidoni veten, t\u00eb zhvilloheni profesionalisht dhe t\u00eb rriteni n\u00eb karrier\u00eb n\u00eb 8 tregje n\u00eb nj\u00eb gam\u00eb t\u00eb gjer\u00eb drejtimesh: shitje, marketing, logjistik\u00eb, [&hellip;]\" \/>\n<meta property=\"og:url\" content=\"https:\/\/eurolabinternacional.com\/en\/karriera\/\" \/>\n<meta property=\"og:site_name\" content=\"Eurolab\" \/>\n<meta property=\"article:publisher\" content=\"https:\/\/www.facebook.com\/EurolabInternacionalGrup\" \/>\n<meta property=\"article:modified_time\" content=\"2023-07-05T08:07:23+00:00\" \/>\n<meta property=\"og:image\" content=\"https:\/\/eurolabinternacional.com\/wp-content\/uploads\/2022\/05\/karriera.png\" \/>\n\t<meta property=\"og:image:width\" content=\"2000\" \/>\n\t<meta property=\"og:image:height\" content=\"1008\" \/>\n\t<meta property=\"og:image:type\" content=\"image\/png\" \/>\n<meta name=\"twitter:card\" content=\"summary_large_image\" \/>\n<meta name=\"twitter:label1\" content=\"Est. reading time\" \/>\n\t<meta name=\"twitter:data1\" content=\"1 minute\" \/>\n<script type=\"application\/ld+json\" class=\"yoast-schema-graph\">{\"@context\":\"https:\\\/\\\/schema.org\",\"@graph\":[{\"@type\":\"WebPage\",\"@id\":\"https:\\\/\\\/eurolabinternacional.com\\\/karriera\\\/\",\"url\":\"https:\\\/\\\/eurolabinternacional.com\\\/karriera\\\/\",\"name\":\"Karriera - Eurolab\",\"isPartOf\":{\"@id\":\"https:\\\/\\\/eurolabinternacional.com\\\/#website\"},\"primaryImageOfPage\":{\"@id\":\"https:\\\/\\\/eurolabinternacional.com\\\/karriera\\\/#primaryimage\"},\"image\":{\"@id\":\"https:\\\/\\\/eurolabinternacional.com\\\/karriera\\\/#primaryimage\"},\"thumbnailUrl\":\"https:\\\/\\\/eurolabinternacional.com\\\/wp-content\\\/uploads\\\/2022\\\/05\\\/karriera.png\",\"datePublished\":\"2022-03-31T08:56:29+00:00\",\"dateModified\":\"2023-07-05T08:07:23+00:00\",\"breadcrumb\":{\"@id\":\"https:\\\/\\\/eurolabinternacional.com\\\/karriera\\\/#breadcrumb\"},\"inLanguage\":\"en-US\",\"potentialAction\":[{\"@type\":\"ReadAction\",\"target\":[\"https:\\\/\\\/eurolabinternacional.com\\\/karriera\\\/\"]}]},{\"@type\":\"ImageObject\",\"inLanguage\":\"en-US\",\"@id\":\"https:\\\/\\\/eurolabinternacional.com\\\/karriera\\\/#primaryimage\",\"url\":\"https:\\\/\\\/eurolabinternacional.com\\\/wp-content\\\/uploads\\\/2022\\\/05\\\/karriera.png\",\"contentUrl\":\"https:\\\/\\\/eurolabinternacional.com\\\/wp-content\\\/uploads\\\/2022\\\/05\\\/karriera.png\",\"width\":2000,\"height\":1008},{\"@type\":\"BreadcrumbList\",\"@id\":\"https:\\\/\\\/eurolabinternacional.com\\\/karriera\\\/#breadcrumb\",\"itemListElement\":[{\"@type\":\"ListItem\",\"position\":1,\"name\":\"Home\",\"item\":\"https:\\\/\\\/eurolabinternacional.com\\\/\"},{\"@type\":\"ListItem\",\"position\":2,\"name\":\"Karriera\"}]},{\"@type\":\"WebSite\",\"@id\":\"https:\\\/\\\/eurolabinternacional.com\\\/#website\",\"url\":\"https:\\\/\\\/eurolabinternacional.com\\\/\",\"name\":\"Eurolab Internacional Grup\",\"description\":\"EUROLAB INTERNATIONAL GROUP\",\"publisher\":{\"@id\":\"https:\\\/\\\/eurolabinternacional.com\\\/#organization\"},\"potentialAction\":[{\"@type\":\"SearchAction\",\"target\":{\"@type\":\"EntryPoint\",\"urlTemplate\":\"https:\\\/\\\/eurolabinternacional.com\\\/?s={search_term_string}\"},\"query-input\":{\"@type\":\"PropertyValueSpecification\",\"valueRequired\":true,\"valueName\":\"search_term_string\"}}],\"inLanguage\":\"en-US\"},{\"@type\":\"Organization\",\"@id\":\"https:\\\/\\\/eurolabinternacional.com\\\/#organization\",\"name\":\"Eurolab Internacional Grup\",\"url\":\"https:\\\/\\\/eurolabinternacional.com\\\/\",\"logo\":{\"@type\":\"ImageObject\",\"inLanguage\":\"en-US\",\"@id\":\"https:\\\/\\\/eurolabinternacional.com\\\/#\\\/schema\\\/logo\\\/image\\\/\",\"url\":\"https:\\\/\\\/eurolabinternacional.com\\\/wp-content\\\/uploads\\\/2024\\\/11\\\/logo.png\",\"contentUrl\":\"https:\\\/\\\/eurolabinternacional.com\\\/wp-content\\\/uploads\\\/2024\\\/11\\\/logo.png\",\"width\":170,\"height\":36,\"caption\":\"Eurolab Internacional Grup\"},\"image\":{\"@id\":\"https:\\\/\\\/eurolabinternacional.com\\\/#\\\/schema\\\/logo\\\/image\\\/\"},\"sameAs\":[\"https:\\\/\\\/www.facebook.com\\\/EurolabInternacionalGrup\",\"https:\\\/\\\/www.linkedin.com\\\/company\\\/eurolab-internacional-grup\\\/\"]}]}<\/script>\n<!-- \/ Yoast SEO plugin. -->","yoast_head_json":{"title":"Karriera - Eurolab","robots":{"index":"index","follow":"follow","max-snippet":"max-snippet:-1","max-image-preview":"max-image-preview:large","max-video-preview":"max-video-preview:-1"},"canonical":"https:\/\/eurolabinternacional.com\/en\/karriera\/","og_locale":"en_US","og_type":"article","og_title":"Karriera - Eurolab","og_description":"Pse Eurolab? Eurolab \u00ebsht\u00eb kompania shqiptare me zhvillimin dhe rritjen m\u00eb t\u00eb shpejt\u00eb n\u00eb vend dhe n\u00eb rajon. Kultura, mjedisi i pun\u00ebs dhe mbi t\u00eb gjitha ekipi yn\u00eb profesional ju japin mund\u00ebsin\u00eb t\u00eb sfidoni veten, t\u00eb zhvilloheni profesionalisht dhe t\u00eb rriteni n\u00eb karrier\u00eb n\u00eb 8 tregje n\u00eb nj\u00eb gam\u00eb t\u00eb gjer\u00eb drejtimesh: shitje, marketing, logjistik\u00eb, [&hellip;]","og_url":"https:\/\/eurolabinternacional.com\/en\/karriera\/","og_site_name":"Eurolab","article_publisher":"https:\/\/www.facebook.com\/EurolabInternacionalGrup","article_modified_time":"2023-07-05T08:07:23+00:00","og_image":[{"width":2000,"height":1008,"url":"https:\/\/eurolabinternacional.com\/wp-content\/uploads\/2022\/05\/karriera.png","type":"image\/png"}],"twitter_card":"summary_large_image","twitter_misc":{"Est. reading time":"1 minute"},"schema":{"@context":"https:\/\/schema.org","@graph":[{"@type":"WebPage","@id":"https:\/\/eurolabinternacional.com\/karriera\/","url":"https:\/\/eurolabinternacional.com\/karriera\/","name":"Karriera - Eurolab","isPartOf":{"@id":"https:\/\/eurolabinternacional.com\/#website"},"primaryImageOfPage":{"@id":"https:\/\/eurolabinternacional.com\/karriera\/#primaryimage"},"image":{"@id":"https:\/\/eurolabinternacional.com\/karriera\/#primaryimage"},"thumbnailUrl":"https:\/\/eurolabinternacional.com\/wp-content\/uploads\/2022\/05\/karriera.png","datePublished":"2022-03-31T08:56:29+00:00","dateModified":"2023-07-05T08:07:23+00:00","breadcrumb":{"@id":"https:\/\/eurolabinternacional.com\/karriera\/#breadcrumb"},"inLanguage":"en-US","potentialAction":[{"@type":"ReadAction","target":["https:\/\/eurolabinternacional.com\/karriera\/"]}]},{"@type":"ImageObject","inLanguage":"en-US","@id":"https:\/\/eurolabinternacional.com\/karriera\/#primaryimage","url":"https:\/\/eurolabinternacional.com\/wp-content\/uploads\/2022\/05\/karriera.png","contentUrl":"https:\/\/eurolabinternacional.com\/wp-content\/uploads\/2022\/05\/karriera.png","width":2000,"height":1008},{"@type":"BreadcrumbList","@id":"https:\/\/eurolabinternacional.com\/karriera\/#breadcrumb","itemListElement":[{"@type":"ListItem","position":1,"name":"Home","item":"https:\/\/eurolabinternacional.com\/"},{"@type":"ListItem","position":2,"name":"Karriera"}]},{"@type":"WebSite","@id":"https:\/\/eurolabinternacional.com\/#website","url":"https:\/\/eurolabinternacional.com\/","name":"Eurolab Internacional Grup","description":"EUROLAB INTERNATIONAL GROUP","publisher":{"@id":"https:\/\/eurolabinternacional.com\/#organization"},"potentialAction":[{"@type":"SearchAction","target":{"@type":"EntryPoint","urlTemplate":"https:\/\/eurolabinternacional.com\/?s={search_term_string}"},"query-input":{"@type":"PropertyValueSpecification","valueRequired":true,"valueName":"search_term_string"}}],"inLanguage":"en-US"},{"@type":"Organization","@id":"https:\/\/eurolabinternacional.com\/#organization","name":"Eurolab Internacional Grup","url":"https:\/\/eurolabinternacional.com\/","logo":{"@type":"ImageObject","inLanguage":"en-US","@id":"https:\/\/eurolabinternacional.com\/#\/schema\/logo\/image\/","url":"https:\/\/eurolabinternacional.com\/wp-content\/uploads\/2024\/11\/logo.png","contentUrl":"https:\/\/eurolabinternacional.com\/wp-content\/uploads\/2024\/11\/logo.png","width":170,"height":36,"caption":"Eurolab Internacional Grup"},"image":{"@id":"https:\/\/eurolabinternacional.com\/#\/schema\/logo\/image\/"},"sameAs":["https:\/\/www.facebook.com\/EurolabInternacionalGrup","https:\/\/www.linkedin.com\/company\/eurolab-internacional-grup\/"]}]}},"_links":{"self":[{"href":"https:\/\/eurolabinternacional.com\/en\/wp-json\/wp\/v2\/pages\/64","targetHints":{"allow":["GET"]}}],"collection":[{"href":"https:\/\/eurolabinternacional.com\/en\/wp-json\/wp\/v2\/pages"}],"about":[{"href":"https:\/\/eurolabinternacional.com\/en\/wp-json\/wp\/v2\/types\/page"}],"author":[{"embeddable":true,"href":"https:\/\/eurolabinternacional.com\/en\/wp-json\/wp\/v2\/users\/1"}],"replies":[{"embeddable":true,"href":"https:\/\/eurolabinternacional.com\/en\/wp-json\/wp\/v2\/comments?post=64"}],"version-history":[{"count":0,"href":"https:\/\/eurolabinternacional.com\/en\/wp-json\/wp\/v2\/pages\/64\/revisions"}],"wp:featuredmedia":[{"embeddable":true,"href":"https:\/\/eurolabinternacional.com\/en\/wp-json\/wp\/v2\/media\/359"}],"wp:attachment":[{"href":"https:\/\/eurolabinternacional.com\/en\/wp-json\/wp\/v2\/media?parent=64"}],"curies":[{"name":"wp","href":"https:\/\/api.w.org\/{rel}","templated":true}]}}