{"id":609,"date":"2023-03-09T13:00:49","date_gmt":"2023-03-09T13:00:49","guid":{"rendered":"https:\/\/eurolabinternacional.com\/?page_id=609"},"modified":"2023-03-09T13:00:50","modified_gmt":"2023-03-09T13:00:50","slug":"bulldog-gin","status":"publish","type":"page","link":"https:\/\/eurolabinternacional.com\/en\/bulldog-gin\/","title":{"rendered":"Bulldog Gin"},"content":{"rendered":"<figure class=\"wp-block-video\"><\/figure>","protected":false},"excerpt":{"rendered":"","protected":false},"author":1,"featured_media":0,"parent":0,"menu_order":0,"comment_status":"closed","ping_status":"closed","template":"","meta":{"_acf_changed":false,"footnotes":""},"class_list":["post-609","page","type-page","status-publish","hentry"],"acf":[],"yoast_head":"<!-- This site is optimized with the Yoast SEO plugin v27.5 - https:\/\/yoast.com\/product\/yoast-seo-wordpress\/ -->\n<title>Bulldog Gin - Eurolab<\/title>\n<meta name=\"description\" content=\"Momente nga festivali m\u00eb i madh i muzik\u00ebs elektronike me t\u00eb ftuar special dj e mir\u00ebnjohur @lilly_palmerdj n\u00eb Parkun Olimpik t\u00eb Tiran\u00ebs n\u00ebn nj\u00eb organizim madh\u00ebshtor nga @folielectronic @gowild_al dhe duke shijuar koktejet e Bulldog Gin ashtu si\u00e7 thot\u00eb edhe vet\u00eb slogani i tij #BeginBold #bulldog #gin #bulldoggin #music #dj #electronicmusic #djlillypalmer #folieelctronic #gowild\" \/>\n<meta name=\"robots\" content=\"index, follow, max-snippet:-1, max-image-preview:large, max-video-preview:-1\" \/>\n<link rel=\"canonical\" href=\"https:\/\/eurolabinternacional.com\/en\/bulldog-gin\/\" \/>\n<meta property=\"og:locale\" content=\"en_US\" \/>\n<meta property=\"og:type\" content=\"article\" \/>\n<meta property=\"og:title\" content=\"Bulldog Gin - Eurolab\" \/>\n<meta property=\"og:description\" content=\"Momente nga festivali m\u00eb i madh i muzik\u00ebs elektronike me t\u00eb ftuar special dj e mir\u00ebnjohur @lilly_palmerdj n\u00eb Parkun Olimpik t\u00eb Tiran\u00ebs n\u00ebn nj\u00eb organizim madh\u00ebshtor nga @folielectronic @gowild_al dhe duke shijuar koktejet e Bulldog Gin ashtu si\u00e7 thot\u00eb edhe vet\u00eb slogani i tij #BeginBold #bulldog #gin #bulldoggin #music #dj #electronicmusic #djlillypalmer #folieelctronic #gowild\" \/>\n<meta property=\"og:url\" content=\"https:\/\/eurolabinternacional.com\/en\/bulldog-gin\/\" \/>\n<meta property=\"og:site_name\" content=\"Eurolab\" \/>\n<meta property=\"article:publisher\" content=\"https:\/\/www.facebook.com\/EurolabInternacionalGrup\" \/>\n<meta property=\"article:modified_time\" content=\"2023-03-09T13:00:50+00:00\" \/>\n<meta name=\"twitter:card\" content=\"summary_large_image\" \/>\n<script type=\"application\/ld+json\" class=\"yoast-schema-graph\">{\"@context\":\"https:\\\/\\\/schema.org\",\"@graph\":[{\"@type\":\"WebPage\",\"@id\":\"https:\\\/\\\/eurolabinternacional.com\\\/bulldog-gin\\\/\",\"url\":\"https:\\\/\\\/eurolabinternacional.com\\\/bulldog-gin\\\/\",\"name\":\"Bulldog Gin - Eurolab\",\"isPartOf\":{\"@id\":\"https:\\\/\\\/eurolabinternacional.com\\\/#website\"},\"datePublished\":\"2023-03-09T13:00:49+00:00\",\"dateModified\":\"2023-03-09T13:00:50+00:00\",\"description\":\"Momente nga festivali m\u00eb i madh i muzik\u00ebs elektronike me t\u00eb ftuar special dj e mir\u00ebnjohur @lilly_palmerdj n\u00eb Parkun Olimpik t\u00eb Tiran\u00ebs n\u00ebn nj\u00eb organizim madh\u00ebshtor nga @folielectronic @gowild_al dhe duke shijuar koktejet e Bulldog Gin ashtu si\u00e7 thot\u00eb edhe vet\u00eb slogani i tij #BeginBold #bulldog #gin #bulldoggin #music #dj #electronicmusic #djlillypalmer #folieelctronic #gowild\",\"breadcrumb\":{\"@id\":\"https:\\\/\\\/eurolabinternacional.com\\\/bulldog-gin\\\/#breadcrumb\"},\"inLanguage\":\"en-US\",\"potentialAction\":[{\"@type\":\"ReadAction\",\"target\":[\"https:\\\/\\\/eurolabinternacional.com\\\/bulldog-gin\\\/\"]}]},{\"@type\":\"BreadcrumbList\",\"@id\":\"https:\\\/\\\/eurolabinternacional.com\\\/bulldog-gin\\\/#breadcrumb\",\"itemListElement\":[{\"@type\":\"ListItem\",\"position\":1,\"name\":\"Home\",\"item\":\"https:\\\/\\\/eurolabinternacional.com\\\/\"},{\"@type\":\"ListItem\",\"position\":2,\"name\":\"Bulldog Gin\"}]},{\"@type\":\"WebSite\",\"@id\":\"https:\\\/\\\/eurolabinternacional.com\\\/#website\",\"url\":\"https:\\\/\\\/eurolabinternacional.com\\\/\",\"name\":\"Eurolab Internacional Grup\",\"description\":\"EUROLAB INTERNATIONAL GROUP\",\"publisher\":{\"@id\":\"https:\\\/\\\/eurolabinternacional.com\\\/#organization\"},\"potentialAction\":[{\"@type\":\"SearchAction\",\"target\":{\"@type\":\"EntryPoint\",\"urlTemplate\":\"https:\\\/\\\/eurolabinternacional.com\\\/?s={search_term_string}\"},\"query-input\":{\"@type\":\"PropertyValueSpecification\",\"valueRequired\":true,\"valueName\":\"search_term_string\"}}],\"inLanguage\":\"en-US\"},{\"@type\":\"Organization\",\"@id\":\"https:\\\/\\\/eurolabinternacional.com\\\/#organization\",\"name\":\"Eurolab Internacional Grup\",\"url\":\"https:\\\/\\\/eurolabinternacional.com\\\/\",\"logo\":{\"@type\":\"ImageObject\",\"inLanguage\":\"en-US\",\"@id\":\"https:\\\/\\\/eurolabinternacional.com\\\/#\\\/schema\\\/logo\\\/image\\\/\",\"url\":\"https:\\\/\\\/eurolabinternacional.com\\\/wp-content\\\/uploads\\\/2024\\\/11\\\/logo.png\",\"contentUrl\":\"https:\\\/\\\/eurolabinternacional.com\\\/wp-content\\\/uploads\\\/2024\\\/11\\\/logo.png\",\"width\":170,\"height\":36,\"caption\":\"Eurolab Internacional Grup\"},\"image\":{\"@id\":\"https:\\\/\\\/eurolabinternacional.com\\\/#\\\/schema\\\/logo\\\/image\\\/\"},\"sameAs\":[\"https:\\\/\\\/www.facebook.com\\\/EurolabInternacionalGrup\",\"https:\\\/\\\/www.linkedin.com\\\/company\\\/eurolab-internacional-grup\\\/\"]}]}<\/script>\n<!-- \/ Yoast SEO plugin. -->","yoast_head_json":{"title":"Bulldog Gin - Eurolab","description":"Momente nga festivali m\u00eb i madh i muzik\u00ebs elektronike me t\u00eb ftuar special dj e mir\u00ebnjohur @lilly_palmerdj n\u00eb Parkun Olimpik t\u00eb Tiran\u00ebs n\u00ebn nj\u00eb organizim madh\u00ebshtor nga @folielectronic @gowild_al dhe duke shijuar koktejet e Bulldog Gin ashtu si\u00e7 thot\u00eb edhe vet\u00eb slogani i tij #BeginBold #bulldog #gin #bulldoggin #music #dj #electronicmusic #djlillypalmer #folieelctronic #gowild","robots":{"index":"index","follow":"follow","max-snippet":"max-snippet:-1","max-image-preview":"max-image-preview:large","max-video-preview":"max-video-preview:-1"},"canonical":"https:\/\/eurolabinternacional.com\/en\/bulldog-gin\/","og_locale":"en_US","og_type":"article","og_title":"Bulldog Gin - Eurolab","og_description":"Momente nga festivali m\u00eb i madh i muzik\u00ebs elektronike me t\u00eb ftuar special dj e mir\u00ebnjohur @lilly_palmerdj n\u00eb Parkun Olimpik t\u00eb Tiran\u00ebs n\u00ebn nj\u00eb organizim madh\u00ebshtor nga @folielectronic @gowild_al dhe duke shijuar koktejet e Bulldog Gin ashtu si\u00e7 thot\u00eb edhe vet\u00eb slogani i tij #BeginBold #bulldog #gin #bulldoggin #music #dj #electronicmusic #djlillypalmer #folieelctronic #gowild","og_url":"https:\/\/eurolabinternacional.com\/en\/bulldog-gin\/","og_site_name":"Eurolab","article_publisher":"https:\/\/www.facebook.com\/EurolabInternacionalGrup","article_modified_time":"2023-03-09T13:00:50+00:00","twitter_card":"summary_large_image","schema":{"@context":"https:\/\/schema.org","@graph":[{"@type":"WebPage","@id":"https:\/\/eurolabinternacional.com\/bulldog-gin\/","url":"https:\/\/eurolabinternacional.com\/bulldog-gin\/","name":"Bulldog Gin - Eurolab","isPartOf":{"@id":"https:\/\/eurolabinternacional.com\/#website"},"datePublished":"2023-03-09T13:00:49+00:00","dateModified":"2023-03-09T13:00:50+00:00","description":"Momente nga festivali m\u00eb i madh i muzik\u00ebs elektronike me t\u00eb ftuar special dj e mir\u00ebnjohur @lilly_palmerdj n\u00eb Parkun Olimpik t\u00eb Tiran\u00ebs n\u00ebn nj\u00eb organizim madh\u00ebshtor nga @folielectronic @gowild_al dhe duke shijuar koktejet e Bulldog Gin ashtu si\u00e7 thot\u00eb edhe vet\u00eb slogani i tij #BeginBold #bulldog #gin #bulldoggin #music #dj #electronicmusic #djlillypalmer #folieelctronic #gowild","breadcrumb":{"@id":"https:\/\/eurolabinternacional.com\/bulldog-gin\/#breadcrumb"},"inLanguage":"en-US","potentialAction":[{"@type":"ReadAction","target":["https:\/\/eurolabinternacional.com\/bulldog-gin\/"]}]},{"@type":"BreadcrumbList","@id":"https:\/\/eurolabinternacional.com\/bulldog-gin\/#breadcrumb","itemListElement":[{"@type":"ListItem","position":1,"name":"Home","item":"https:\/\/eurolabinternacional.com\/"},{"@type":"ListItem","position":2,"name":"Bulldog Gin"}]},{"@type":"WebSite","@id":"https:\/\/eurolabinternacional.com\/#website","url":"https:\/\/eurolabinternacional.com\/","name":"Eurolab Internacional Grup","description":"EUROLAB INTERNATIONAL GROUP","publisher":{"@id":"https:\/\/eurolabinternacional.com\/#organization"},"potentialAction":[{"@type":"SearchAction","target":{"@type":"EntryPoint","urlTemplate":"https:\/\/eurolabinternacional.com\/?s={search_term_string}"},"query-input":{"@type":"PropertyValueSpecification","valueRequired":true,"valueName":"search_term_string"}}],"inLanguage":"en-US"},{"@type":"Organization","@id":"https:\/\/eurolabinternacional.com\/#organization","name":"Eurolab Internacional Grup","url":"https:\/\/eurolabinternacional.com\/","logo":{"@type":"ImageObject","inLanguage":"en-US","@id":"https:\/\/eurolabinternacional.com\/#\/schema\/logo\/image\/","url":"https:\/\/eurolabinternacional.com\/wp-content\/uploads\/2024\/11\/logo.png","contentUrl":"https:\/\/eurolabinternacional.com\/wp-content\/uploads\/2024\/11\/logo.png","width":170,"height":36,"caption":"Eurolab Internacional Grup"},"image":{"@id":"https:\/\/eurolabinternacional.com\/#\/schema\/logo\/image\/"},"sameAs":["https:\/\/www.facebook.com\/EurolabInternacionalGrup","https:\/\/www.linkedin.com\/company\/eurolab-internacional-grup\/"]}]}},"_links":{"self":[{"href":"https:\/\/eurolabinternacional.com\/en\/wp-json\/wp\/v2\/pages\/609","targetHints":{"allow":["GET"]}}],"collection":[{"href":"https:\/\/eurolabinternacional.com\/en\/wp-json\/wp\/v2\/pages"}],"about":[{"href":"https:\/\/eurolabinternacional.com\/en\/wp-json\/wp\/v2\/types\/page"}],"author":[{"embeddable":true,"href":"https:\/\/eurolabinternacional.com\/en\/wp-json\/wp\/v2\/users\/1"}],"replies":[{"embeddable":true,"href":"https:\/\/eurolabinternacional.com\/en\/wp-json\/wp\/v2\/comments?post=609"}],"version-history":[{"count":0,"href":"https:\/\/eurolabinternacional.com\/en\/wp-json\/wp\/v2\/pages\/609\/revisions"}],"wp:attachment":[{"href":"https:\/\/eurolabinternacional.com\/en\/wp-json\/wp\/v2\/media?parent=609"}],"curies":[{"name":"wp","href":"https:\/\/api.w.org\/{rel}","templated":true}]}}