{"id":38,"date":"2022-03-28T12:11:04","date_gmt":"2022-03-28T12:11:04","guid":{"rendered":"http:\/\/localhost\/eurolab\/?page_id=38"},"modified":"2025-02-24T14:24:25","modified_gmt":"2025-02-24T14:24:25","slug":"rreth-nesh","status":"publish","type":"page","link":"https:\/\/eurolabinternacional.com\/en\/rreth-nesh\/","title":{"rendered":"About us"},"content":{"rendered":"<h2 class=\"wp-block-heading\">Eurolab International Grup<\/h2>\r\n\r\n\r\n\r\n<p>EUROLAB INTERNATIONAL GRUP was founded in 1995, as one of the pioneer companies in the sector of sale, distribution and import of food and beverage products in Albania.<\/p>\r\n\r\n\r\n\r\n<div class=\"wp-block-media-text alignfull has-media-on-the-right is-stacked-on-mobile is-vertically-aligned-center\">\r\n<figure class=\"wp-block-media-text__media\"><img loading=\"lazy\" decoding=\"async\" width=\"1920\" height=\"1280\" class=\"wp-image-483 size-full\" src=\"https:\/\/eurolabinternacional.com\/wp-content\/uploads\/2022\/09\/EUROLAB-4-of-77.jpg\" alt=\"\" srcset=\"https:\/\/eurolabinternacional.com\/wp-content\/uploads\/2022\/09\/EUROLAB-4-of-77.jpg 1920w, https:\/\/eurolabinternacional.com\/wp-content\/uploads\/2022\/09\/EUROLAB-4-of-77-300x200.jpg 300w, https:\/\/eurolabinternacional.com\/wp-content\/uploads\/2022\/09\/EUROLAB-4-of-77-768x512.jpg 768w, https:\/\/eurolabinternacional.com\/wp-content\/uploads\/2022\/09\/EUROLAB-4-of-77-1536x1024.jpg 1536w, https:\/\/eurolabinternacional.com\/wp-content\/uploads\/2022\/09\/EUROLAB-4-of-77-18x12.jpg 18w\" sizes=\"auto, (max-width: 1920px) 100vw, 1920px\" \/><\/figure>\r\n<div class=\"wp-block-media-text__content\">\r\n<h3 class=\"has-text-align-center has-text-color wp-block-heading\" style=\"color: #000000;\">\u00a0<\/h3>\r\n\r\n\r\n\r\n<p class=\"has-text-align-center has-extra-small-font-size\">Today, we are present in 10 markets across Southeastern Europe: Albania (1995), Kosovo (2001), Montenegro (2005), North Macedonia (2005), Bosnia and Herzegovina (2017), Serbia (2019), Slovenia (2020), Croatia (2020), and Greece and Cyprus (2024). Over the past 30 years, we have expanded progressively and ambitiously in the region, making Eurolab one of the most trusted partners for premium brands.<\/p>\r\n\r\n\r\n\r\n<p>We are committed to grow most effectively our distribution network to the fullest, consequently, we made significant investments in developing Mapo Cash&amp;Carry and Mapo City, two retail concepts.<\/p>\r\n\r\n\r\n\r\n<p>Since 2022, private brand products including Craft Masters, Vinium Master, Bella Serata, and Welfbrau have also been added to our portfolio.<\/p>\r\n<\/div>\r\n<\/div>\r\n\r\n\r\n\r\n<p>&nbsp;<\/p>\r\n\r\n\r\n\r\n<p>&nbsp;<\/p>\r\n\r\n\r\n\r\n<div class=\"wp-block-media-text alignfull is-stacked-on-mobile is-vertically-aligned-center\">\r\n<figure class=\"wp-block-media-text__media\"><img loading=\"lazy\" decoding=\"async\" width=\"2560\" height=\"1707\" class=\"wp-image-503 size-full\" src=\"https:\/\/eurolabinternacional.com\/wp-content\/uploads\/2022\/09\/54-1-scaled.webp\" alt=\"\" srcset=\"https:\/\/eurolabinternacional.com\/wp-content\/uploads\/2022\/09\/54-1-scaled.webp 2560w, https:\/\/eurolabinternacional.com\/wp-content\/uploads\/2022\/09\/54-1-300x200.webp 300w, https:\/\/eurolabinternacional.com\/wp-content\/uploads\/2022\/09\/54-1-768x512.webp 768w, https:\/\/eurolabinternacional.com\/wp-content\/uploads\/2022\/09\/54-1-1536x1024.webp 1536w, https:\/\/eurolabinternacional.com\/wp-content\/uploads\/2022\/09\/54-1-2048x1365.webp 2048w, https:\/\/eurolabinternacional.com\/wp-content\/uploads\/2022\/09\/54-1-18x12.webp 18w\" sizes=\"auto, (max-width: 2560px) 100vw, 2560px\" \/><\/figure>\r\n<div class=\"wp-block-media-text__content\">\r\n<h3 class=\"has-text-align-center has-text-color wp-block-heading\" style=\"color: #000000;\">\u00a0<\/h3>\r\n\r\n\r\n\r\n<p class=\"has-text-align-center has-extra-small-font-size\">We carefully select the brands in our portfolio to provide our clients and consumers with the best of the international market in accordance with their local desires and tastes. Eurolab has over over 80 global partners from Italy, France, Germany, Belgium, the Great Britain, the Netherlands, Spain, Japan, Mexico, and many other countries<\/p>\r\n<\/div>\r\n<\/div>\r\n\r\n\r\n\r\n<p>&nbsp;<\/p>\r\n\r\n\r\n\r\n<p>The Eurolab International Grup brings the distinctive experiences and cultures of these countries along on this journey; driven and inspired by these nations and their international cultures continually striving to establish communication channels and open new doors<\/p>\r\n\r\n\r\n\r\n<p>We are the most trusted partner in the country and region because of our workplace culture is characterized by enthusiasm, innovation, dedication, and long-term partnership.<\/p>\r\n\r\n\r\n\r\n<p>Our growth and success strategy is guided by our values, which enable us to consistently expand our brand portfolio and services to satisfy the needs of consumers.<\/p>\r\n\r\n\r\n\r\n<p>Today, the Eurolab International Grup is a consolidated group of businesses that operates across all of the countries in the region. The group's name derives from the natural union of the best European products and Lab\u00ebria, a southern region of Albania.<\/p>\r\n\r\n\r\n<hr class=\"wp-block-separator has-css-opacity\" \/>\r\n\r\n\r\n<h2 class=\"wp-block-heading\">Vision &amp; Mission<\/h2>\r\n<div class=\"wp-block-columns\">\r\n<div class=\"wp-block-column\">\r\n\r\n\r\n<figure class=\"wp-block-image size-full\">\r\n<p><img loading=\"lazy\" decoding=\"async\" class=\"wp-image-1672\" src=\"https:\/\/eurolabinternacional.com\/wp-content\/uploads\/2025\/02\/VISION-scaled.jpg\" alt=\"\" width=\"545\" height=\"387\" srcset=\"https:\/\/eurolabinternacional.com\/wp-content\/uploads\/2025\/02\/VISION-scaled.jpg 2560w, https:\/\/eurolabinternacional.com\/wp-content\/uploads\/2025\/02\/VISION-300x213.jpg 300w, https:\/\/eurolabinternacional.com\/wp-content\/uploads\/2025\/02\/VISION-768x544.jpg 768w, https:\/\/eurolabinternacional.com\/wp-content\/uploads\/2025\/02\/VISION-1536x1089.jpg 1536w, https:\/\/eurolabinternacional.com\/wp-content\/uploads\/2025\/02\/VISION-2048x1451.jpg 2048w, https:\/\/eurolabinternacional.com\/wp-content\/uploads\/2025\/02\/VISION-18x12.jpg 18w\" sizes=\"auto, (max-width: 545px) 100vw, 545px\" \/><\/p>\r\n<\/figure>\r\n<\/div>\r\n<div class=\"wp-block-column\">\r\n\r\n\r\n<figure class=\"wp-block-image size-full\">\r\n<p><img loading=\"lazy\" decoding=\"async\" class=\"wp-image-1673\" src=\"https:\/\/eurolabinternacional.com\/wp-content\/uploads\/2025\/02\/MISSION-scaled.jpg\" alt=\"\" width=\"545\" height=\"387\" srcset=\"https:\/\/eurolabinternacional.com\/wp-content\/uploads\/2025\/02\/MISSION-scaled.jpg 2560w, https:\/\/eurolabinternacional.com\/wp-content\/uploads\/2025\/02\/MISSION-300x213.jpg 300w, https:\/\/eurolabinternacional.com\/wp-content\/uploads\/2025\/02\/MISSION-768x544.jpg 768w\" sizes=\"auto, (max-width: 545px) 100vw, 545px\" \/><\/p>\r\n<\/figure>\r\n<\/div>\r\n<!-- \/wp:post-content --><\/div>\r\n<!-- \/wp:columns -->\r\n\r\n<!-- wp:separator {\"opacity\":\"css\"} --><hr class=\"wp-block-separator has-css-opacity\" \/><!-- \/wp:separator -->\r\n\r\n<!-- wp:heading {\"level\":3} -->\r\n<h3>Company Values<\/h3>\r\n<!-- \/wp:heading -->\r\n\r\n<!-- wp:paragraph -->\r\n<p>EIG values are set out in the Company Code of Conduct. Values are at the heart of company policy development. EIG works in different markets and countries. What keeps us together are our values. For more than 27 years, EIG has worked hard to become a company having at its core the respect for integrity, being proud for its continues and secure growth &amp; development. The Code of Conduct defines how to live and work led by <strong>goodness, dedicated, honest, fair, loyal, punctual, and respectful<\/strong>creating the right environment for each of us. This is a mission that EIG owes to suppliers, customers and the general public, who are our direct consumers, but first of all to each other<\/p>\r\n<!-- \/wp:paragraph -->\r\n\r\n<!-- wp:separator {\"opacity\":\"css\"} --><hr class=\"wp-block-separator has-css-opacity\" \/><!-- \/wp:separator -->\r\n\r\n<!-- wp:heading -->\r\n<h2><strong>ISO (International Organization for Standardization) 9 001:2015, 22 000:2018, 45 001:2018<\/strong><\/h2>\r\n<!-- \/wp:heading -->\r\n\r\n<!-- wp:paragraph -->\r\n<p>&nbsp;<\/p>\r\n<!-- \/wp:paragraph -->\r\n\r\n<!-- wp:paragraph -->\r\n<p>&nbsp;<\/p>\r\n<!-- \/wp:paragraph -->\r\n\r\n<!-- wp:paragraph -->\r\n<p>&nbsp;<\/p>\r\n<!-- \/wp:paragraph -->\r\n\r\n<!-- wp:media-text {\"align\":\"full\",\"mediaPosition\":\"right\",\"mediaId\":490,\"mediaLink\":\"https:\/\/eurolabinternacional.com\/rreth-nesh\/eurolab-73-of-77\/\",\"mediaType\":\"image\",\"verticalAlignment\":\"center\"} -->\r\n<div class=\"wp-block-media-text alignfull has-media-on-the-right is-stacked-on-mobile is-vertically-aligned-center\">\r\n<figure class=\"wp-block-media-text__media\"><img loading=\"lazy\" decoding=\"async\" width=\"1000\" height=\"1500\" class=\"wp-image-490 size-full\" src=\"https:\/\/eurolabinternacional.com\/wp-content\/uploads\/2022\/09\/EUROLAB-73-of-77.jpg\" alt=\"\" srcset=\"https:\/\/eurolabinternacional.com\/wp-content\/uploads\/2022\/09\/EUROLAB-73-of-77.jpg 1000w, https:\/\/eurolabinternacional.com\/wp-content\/uploads\/2022\/09\/EUROLAB-73-of-77-200x300.jpg 200w, https:\/\/eurolabinternacional.com\/wp-content\/uploads\/2022\/09\/EUROLAB-73-of-77-768x1152.jpg 768w, https:\/\/eurolabinternacional.com\/wp-content\/uploads\/2022\/09\/EUROLAB-73-of-77-8x12.jpg 8w\" sizes=\"auto, (max-width: 1000px) 100vw, 1000px\" \/><\/figure>\r\n<div class=\"wp-block-media-text__content\"><!-- wp:heading {\"textAlign\":\"center\",\"level\":3,\"style\":{\"color\":{\"text\":\"#000000\"}}} -->\r\n<h3 class=\"has-text-align-center has-text-color\" style=\"color: #000000;\">\u00a0<\/h3>\r\n<!-- \/wp:heading -->\r\n\r\n<!-- wp:paragraph -->\r\n<p>The company's Top Management commitment to the workplace culture is reinforced, among other aspects, by the creation, adoption, and continuous improvement of our practices in accordance with international ISO standards.\u202fThese standards\u202fdefine all of our service, which consists of:<\/p>\r\n<!-- \/wp:paragraph -->\r\n\r\n<!-- wp:paragraph -->\r\n<p>Operations and transactions involving the import, export, transit, and trade of different industrial goods, as well as the sale, direct distribution, marketing, and supply to clients with processed foods, or raw materials, as well as alcoholic beverages.<\/p>\r\n<!-- \/wp:paragraph -->\r\n\r\n<!-- wp:paragraph -->\r\n<p>The following goods and services are provided by Eurolab in order to fulfil out its mission, which are arranged and performed in compliance with the stated ISO standards:<\/p>\r\n<!-- \/wp:paragraph -->\r\n\r\n<!-- wp:paragraph -->\r\n<p>\u2022 Distribution and sale of products in the Southwest Balkans\u2019 markets<\/p>\r\n<!-- \/wp:paragraph -->\r\n\r\n<!-- wp:paragraph -->\r\n<p>\u2022 The safety of our products<\/p>\r\n<!-- \/wp:paragraph -->\r\n\r\n<!-- wp:paragraph -->\r\n<p>\u2022 Services for business clients in MAPO.<\/p>\r\n<!-- \/wp:paragraph -->\r\n\r\n<!-- wp:paragraph -->\r\n<p>\u2022\u00a0Sh\u00ebrbimet n\u00eb HoReCa p\u00ebrfshi mb\u00ebshtetjen teknike.<\/p>\r\n<!-- \/wp:paragraph -->\r\n\r\n<!-- wp:paragraph -->\r\n<p>\u2022\u00a0Sh\u00ebrbime marketing, merchandising dhe k\u00ebrkime tregu, dhe<\/p>\r\n<!-- \/wp:paragraph -->\r\n\r\n<!-- wp:paragraph -->\r\n<p>\u2022\u00a0Ambjent i sigurt dhe i sh\u00ebndetsh\u00ebm n\u00eb kompani.<\/p>\r\n<!-- \/wp:paragraph -->\r\n\r\n<!-- wp:paragraph -->\r\n<p>All company personnel strictly adhere to the regulatory frameworks of business development in the relevant markets, and we demand and work hard to ensure that all of our partners comply as well.<\/p>\r\n<!-- \/wp:paragraph --><\/div>\r\n<\/div>\r\n<!-- \/wp:media-text -->\r\n\r\n<!-- wp:paragraph -->\r\n<p>&nbsp;<\/p>\r\n<!-- \/wp:paragraph -->\r\n\r\n<!-- wp:paragraph -->\r\n<p>&nbsp;<\/p>\r\n<!-- \/wp:paragraph -->\r\n\r\n<!-- wp:columns -->\r\n<div class=\"wp-block-columns\"><!-- wp:column {\"width\":\"33.33%\"} -->\r\n<div class=\"wp-block-column\" style=\"flex-basis: 33.33%;\">\u00a0<\/div>\r\n<!-- \/wp:column -->\r\n\r\n<!-- wp:column {\"width\":\"66.66%\"} -->\r\n<div class=\"wp-block-column\" style=\"flex-basis: 66.66%;\"><!-- wp:genesis-custom-blocks\/iso {\"field1\":104,\"field2\":106,\"field3\":107,\"field4\":108,\"field5\":177,\"field6\":179,\"image1\":204,\"image2\":201,\"image3\":178,\"image4\":180} \/-->\r\n\r\n<!-- wp:buttons {\"layout\":{\"type\":\"flex\",\"justifyContent\":\"center\"}} -->\r\n<div class=\"wp-block-buttons\"><!-- wp:button \/--><\/div>\r\n<!-- \/wp:buttons --><\/div>\r\n<!-- \/wp:column --><\/div>\r\n<!-- \/wp:columns -->","protected":false},"excerpt":{"rendered":"<p>EUROLAB INTERNACIONAL GRUP EUROLAB INTERNACIONAL GRUP u themelua n\u00eb vitin 1995, si nj\u00eb nd\u00ebr kompanit\u00eb pioniere n\u00eb sektorin e shitjes, distribucionit dhe importit t\u00eb produkteve ushqimore dhe pijeve n\u00eb Shqip\u00ebri. \u00a0 Sot jemi prezent n\u00eb 10 tregje t\u00eb Europ\u00ebs Juglindore: Shqip\u00ebri (1995), Kosov\u00eb (2001), Mali i Zi (2005), Maqedonia e Veriut (2005), Bosnje-Hercegovin\u00eb (2017), Serbi [&hellip;]<\/p>\n","protected":false},"author":1,"featured_media":238,"parent":0,"menu_order":0,"comment_status":"closed","ping_status":"closed","template":"about.php","meta":{"_acf_changed":false,"footnotes":""},"class_list":["post-38","page","type-page","status-publish","has-post-thumbnail","hentry"],"acf":[],"yoast_head":"<!-- This site is optimized with the Yoast SEO plugin v27.4 - https:\/\/yoast.com\/product\/yoast-seo-wordpress\/ -->\n<title>Rreth nesh - Eurolab<\/title>\n<meta name=\"robots\" content=\"index, follow, max-snippet:-1, max-image-preview:large, max-video-preview:-1\" \/>\n<link rel=\"canonical\" href=\"https:\/\/eurolabinternacional.com\/en\/rreth-nesh\/\" \/>\n<meta property=\"og:locale\" content=\"en_US\" \/>\n<meta property=\"og:type\" content=\"article\" \/>\n<meta property=\"og:title\" content=\"Rreth nesh - Eurolab\" \/>\n<meta property=\"og:description\" content=\"EUROLAB INTERNACIONAL GRUP EUROLAB INTERNACIONAL GRUP u themelua n\u00eb vitin 1995, si nj\u00eb nd\u00ebr kompanit\u00eb pioniere n\u00eb sektorin e shitjes, distribucionit dhe importit t\u00eb produkteve ushqimore dhe pijeve n\u00eb Shqip\u00ebri. \u00a0 Sot jemi prezent n\u00eb 10 tregje t\u00eb Europ\u00ebs Juglindore: Shqip\u00ebri (1995), Kosov\u00eb (2001), Mali i Zi (2005), Maqedonia e Veriut (2005), Bosnje-Hercegovin\u00eb (2017), Serbi [&hellip;]\" \/>\n<meta property=\"og:url\" content=\"https:\/\/eurolabinternacional.com\/en\/rreth-nesh\/\" \/>\n<meta property=\"og:site_name\" content=\"Eurolab\" \/>\n<meta property=\"article:publisher\" content=\"https:\/\/www.facebook.com\/EurolabInternacionalGrup\" \/>\n<meta property=\"article:modified_time\" content=\"2025-02-24T14:24:25+00:00\" \/>\n<meta property=\"og:image\" content=\"https:\/\/eurolabinternacional.com\/wp-content\/uploads\/2022\/04\/rreth1.png\" \/>\n\t<meta property=\"og:image:width\" content=\"2490\" \/>\n\t<meta property=\"og:image:height\" content=\"1258\" \/>\n\t<meta property=\"og:image:type\" content=\"image\/png\" \/>\n<meta name=\"twitter:card\" content=\"summary_large_image\" \/>\n<meta name=\"twitter:label1\" content=\"Est. reading time\" \/>\n\t<meta name=\"twitter:data1\" content=\"5 minutes\" \/>\n<script type=\"application\/ld+json\" class=\"yoast-schema-graph\">{\"@context\":\"https:\\\/\\\/schema.org\",\"@graph\":[{\"@type\":\"WebPage\",\"@id\":\"https:\\\/\\\/eurolabinternacional.com\\\/rreth-nesh\\\/\",\"url\":\"https:\\\/\\\/eurolabinternacional.com\\\/rreth-nesh\\\/\",\"name\":\"Rreth nesh - Eurolab\",\"isPartOf\":{\"@id\":\"https:\\\/\\\/eurolabinternacional.com\\\/#website\"},\"primaryImageOfPage\":{\"@id\":\"https:\\\/\\\/eurolabinternacional.com\\\/rreth-nesh\\\/#primaryimage\"},\"image\":{\"@id\":\"https:\\\/\\\/eurolabinternacional.com\\\/rreth-nesh\\\/#primaryimage\"},\"thumbnailUrl\":\"https:\\\/\\\/eurolabinternacional.com\\\/wp-content\\\/uploads\\\/2022\\\/04\\\/rreth1.png\",\"datePublished\":\"2022-03-28T12:11:04+00:00\",\"dateModified\":\"2025-02-24T14:24:25+00:00\",\"breadcrumb\":{\"@id\":\"https:\\\/\\\/eurolabinternacional.com\\\/rreth-nesh\\\/#breadcrumb\"},\"inLanguage\":\"en-US\",\"potentialAction\":[{\"@type\":\"ReadAction\",\"target\":[\"https:\\\/\\\/eurolabinternacional.com\\\/rreth-nesh\\\/\"]}]},{\"@type\":\"ImageObject\",\"inLanguage\":\"en-US\",\"@id\":\"https:\\\/\\\/eurolabinternacional.com\\\/rreth-nesh\\\/#primaryimage\",\"url\":\"https:\\\/\\\/eurolabinternacional.com\\\/wp-content\\\/uploads\\\/2022\\\/04\\\/rreth1.png\",\"contentUrl\":\"https:\\\/\\\/eurolabinternacional.com\\\/wp-content\\\/uploads\\\/2022\\\/04\\\/rreth1.png\",\"width\":2490,\"height\":1258},{\"@type\":\"BreadcrumbList\",\"@id\":\"https:\\\/\\\/eurolabinternacional.com\\\/rreth-nesh\\\/#breadcrumb\",\"itemListElement\":[{\"@type\":\"ListItem\",\"position\":1,\"name\":\"Home\",\"item\":\"https:\\\/\\\/eurolabinternacional.com\\\/\"},{\"@type\":\"ListItem\",\"position\":2,\"name\":\"Rreth nesh\"}]},{\"@type\":\"WebSite\",\"@id\":\"https:\\\/\\\/eurolabinternacional.com\\\/#website\",\"url\":\"https:\\\/\\\/eurolabinternacional.com\\\/\",\"name\":\"Eurolab Internacional Grup\",\"description\":\"EUROLAB INTERNATIONAL GROUP\",\"publisher\":{\"@id\":\"https:\\\/\\\/eurolabinternacional.com\\\/#organization\"},\"potentialAction\":[{\"@type\":\"SearchAction\",\"target\":{\"@type\":\"EntryPoint\",\"urlTemplate\":\"https:\\\/\\\/eurolabinternacional.com\\\/?s={search_term_string}\"},\"query-input\":{\"@type\":\"PropertyValueSpecification\",\"valueRequired\":true,\"valueName\":\"search_term_string\"}}],\"inLanguage\":\"en-US\"},{\"@type\":\"Organization\",\"@id\":\"https:\\\/\\\/eurolabinternacional.com\\\/#organization\",\"name\":\"Eurolab Internacional Grup\",\"url\":\"https:\\\/\\\/eurolabinternacional.com\\\/\",\"logo\":{\"@type\":\"ImageObject\",\"inLanguage\":\"en-US\",\"@id\":\"https:\\\/\\\/eurolabinternacional.com\\\/#\\\/schema\\\/logo\\\/image\\\/\",\"url\":\"https:\\\/\\\/eurolabinternacional.com\\\/wp-content\\\/uploads\\\/2024\\\/11\\\/logo.png\",\"contentUrl\":\"https:\\\/\\\/eurolabinternacional.com\\\/wp-content\\\/uploads\\\/2024\\\/11\\\/logo.png\",\"width\":170,\"height\":36,\"caption\":\"Eurolab Internacional Grup\"},\"image\":{\"@id\":\"https:\\\/\\\/eurolabinternacional.com\\\/#\\\/schema\\\/logo\\\/image\\\/\"},\"sameAs\":[\"https:\\\/\\\/www.facebook.com\\\/EurolabInternacionalGrup\",\"https:\\\/\\\/www.linkedin.com\\\/company\\\/eurolab-internacional-grup\\\/\"]}]}<\/script>\n<!-- \/ Yoast SEO plugin. -->","yoast_head_json":{"title":"Rreth nesh - Eurolab","robots":{"index":"index","follow":"follow","max-snippet":"max-snippet:-1","max-image-preview":"max-image-preview:large","max-video-preview":"max-video-preview:-1"},"canonical":"https:\/\/eurolabinternacional.com\/en\/rreth-nesh\/","og_locale":"en_US","og_type":"article","og_title":"Rreth nesh - Eurolab","og_description":"EUROLAB INTERNACIONAL GRUP EUROLAB INTERNACIONAL GRUP u themelua n\u00eb vitin 1995, si nj\u00eb nd\u00ebr kompanit\u00eb pioniere n\u00eb sektorin e shitjes, distribucionit dhe importit t\u00eb produkteve ushqimore dhe pijeve n\u00eb Shqip\u00ebri. \u00a0 Sot jemi prezent n\u00eb 10 tregje t\u00eb Europ\u00ebs Juglindore: Shqip\u00ebri (1995), Kosov\u00eb (2001), Mali i Zi (2005), Maqedonia e Veriut (2005), Bosnje-Hercegovin\u00eb (2017), Serbi [&hellip;]","og_url":"https:\/\/eurolabinternacional.com\/en\/rreth-nesh\/","og_site_name":"Eurolab","article_publisher":"https:\/\/www.facebook.com\/EurolabInternacionalGrup","article_modified_time":"2025-02-24T14:24:25+00:00","og_image":[{"width":2490,"height":1258,"url":"https:\/\/eurolabinternacional.com\/wp-content\/uploads\/2022\/04\/rreth1.png","type":"image\/png"}],"twitter_card":"summary_large_image","twitter_misc":{"Est. reading time":"5 minutes"},"schema":{"@context":"https:\/\/schema.org","@graph":[{"@type":"WebPage","@id":"https:\/\/eurolabinternacional.com\/rreth-nesh\/","url":"https:\/\/eurolabinternacional.com\/rreth-nesh\/","name":"Rreth nesh - Eurolab","isPartOf":{"@id":"https:\/\/eurolabinternacional.com\/#website"},"primaryImageOfPage":{"@id":"https:\/\/eurolabinternacional.com\/rreth-nesh\/#primaryimage"},"image":{"@id":"https:\/\/eurolabinternacional.com\/rreth-nesh\/#primaryimage"},"thumbnailUrl":"https:\/\/eurolabinternacional.com\/wp-content\/uploads\/2022\/04\/rreth1.png","datePublished":"2022-03-28T12:11:04+00:00","dateModified":"2025-02-24T14:24:25+00:00","breadcrumb":{"@id":"https:\/\/eurolabinternacional.com\/rreth-nesh\/#breadcrumb"},"inLanguage":"en-US","potentialAction":[{"@type":"ReadAction","target":["https:\/\/eurolabinternacional.com\/rreth-nesh\/"]}]},{"@type":"ImageObject","inLanguage":"en-US","@id":"https:\/\/eurolabinternacional.com\/rreth-nesh\/#primaryimage","url":"https:\/\/eurolabinternacional.com\/wp-content\/uploads\/2022\/04\/rreth1.png","contentUrl":"https:\/\/eurolabinternacional.com\/wp-content\/uploads\/2022\/04\/rreth1.png","width":2490,"height":1258},{"@type":"BreadcrumbList","@id":"https:\/\/eurolabinternacional.com\/rreth-nesh\/#breadcrumb","itemListElement":[{"@type":"ListItem","position":1,"name":"Home","item":"https:\/\/eurolabinternacional.com\/"},{"@type":"ListItem","position":2,"name":"Rreth nesh"}]},{"@type":"WebSite","@id":"https:\/\/eurolabinternacional.com\/#website","url":"https:\/\/eurolabinternacional.com\/","name":"Eurolab Internacional Grup","description":"EUROLAB INTERNATIONAL GROUP","publisher":{"@id":"https:\/\/eurolabinternacional.com\/#organization"},"potentialAction":[{"@type":"SearchAction","target":{"@type":"EntryPoint","urlTemplate":"https:\/\/eurolabinternacional.com\/?s={search_term_string}"},"query-input":{"@type":"PropertyValueSpecification","valueRequired":true,"valueName":"search_term_string"}}],"inLanguage":"en-US"},{"@type":"Organization","@id":"https:\/\/eurolabinternacional.com\/#organization","name":"Eurolab Internacional Grup","url":"https:\/\/eurolabinternacional.com\/","logo":{"@type":"ImageObject","inLanguage":"en-US","@id":"https:\/\/eurolabinternacional.com\/#\/schema\/logo\/image\/","url":"https:\/\/eurolabinternacional.com\/wp-content\/uploads\/2024\/11\/logo.png","contentUrl":"https:\/\/eurolabinternacional.com\/wp-content\/uploads\/2024\/11\/logo.png","width":170,"height":36,"caption":"Eurolab Internacional Grup"},"image":{"@id":"https:\/\/eurolabinternacional.com\/#\/schema\/logo\/image\/"},"sameAs":["https:\/\/www.facebook.com\/EurolabInternacionalGrup","https:\/\/www.linkedin.com\/company\/eurolab-internacional-grup\/"]}]}},"_links":{"self":[{"href":"https:\/\/eurolabinternacional.com\/en\/wp-json\/wp\/v2\/pages\/38","targetHints":{"allow":["GET"]}}],"collection":[{"href":"https:\/\/eurolabinternacional.com\/en\/wp-json\/wp\/v2\/pages"}],"about":[{"href":"https:\/\/eurolabinternacional.com\/en\/wp-json\/wp\/v2\/types\/page"}],"author":[{"embeddable":true,"href":"https:\/\/eurolabinternacional.com\/en\/wp-json\/wp\/v2\/users\/1"}],"replies":[{"embeddable":true,"href":"https:\/\/eurolabinternacional.com\/en\/wp-json\/wp\/v2\/comments?post=38"}],"version-history":[{"count":5,"href":"https:\/\/eurolabinternacional.com\/en\/wp-json\/wp\/v2\/pages\/38\/revisions"}],"predecessor-version":[{"id":1680,"href":"https:\/\/eurolabinternacional.com\/en\/wp-json\/wp\/v2\/pages\/38\/revisions\/1680"}],"wp:featuredmedia":[{"embeddable":true,"href":"https:\/\/eurolabinternacional.com\/en\/wp-json\/wp\/v2\/media\/238"}],"wp:attachment":[{"href":"https:\/\/eurolabinternacional.com\/en\/wp-json\/wp\/v2\/media?parent=38"}],"curies":[{"name":"wp","href":"https:\/\/api.w.org\/{rel}","templated":true}]}}