{"id":328,"date":"2022-05-10T14:30:53","date_gmt":"2022-05-10T14:30:53","guid":{"rendered":"https:\/\/eurolabinternacional.com\/?page_id=328"},"modified":"2024-12-24T12:54:01","modified_gmt":"2024-12-24T12:54:01","slug":"mapo-city","status":"publish","type":"page","link":"https:\/\/eurolabinternacional.com\/en\/mapo-city\/","title":{"rendered":"Mapo City"},"content":{"rendered":"<div class=\"wp-block-group\"><div class=\"wp-block-group__inner-container is-layout-constrained wp-block-group-is-layout-constrained\">\r\n<div class=\"wp-block-columns is-layout-flex wp-container-core-columns-is-layout-9d6595d7 wp-block-columns-is-layout-flex\">\r\n<div class=\"wp-block-column is-layout-flow wp-block-column-is-layout-flow\" style=\"flex-basis:100%\">\r\n<div class=\"wp-block-columns is-layout-flex wp-container-core-columns-is-layout-9d6595d7 wp-block-columns-is-layout-flex\">\r\n<div class=\"wp-block-column is-layout-flow wp-block-column-is-layout-flow\"><\/div>\r\n<\/div>\r\n<\/div>\r\n<\/div>\r\n<\/div><\/div>\r\n\r\n\r\n<section class=\"eshop-page\">\n    <div class=\"container\">\n        <div class=\"row\">\n            <div class=\"col-lg-7\">\n                <div class=\"eshop-page-div-block\">\n                    <h3>Mapo City SHOP <\/h3>\n                    <p>Mapo City Albania is our online store and the ultimate destination for globally recognized premium brands, accessible anytime through our website.<br \/>\nIn this dedicated online shopping space, you will find categories such as alcoholic beverages, beer, soft drinks, groceries, coffee, and most recently, the beauty category, featuring brands like CND and Revlon.<\/p>\n<p>You can also find us physically at MAPO C&amp;C, the first Cash &amp; Carry sales model in Albania. A market innovation, MAPO C&amp;C provides a unique shopping experience where you can purchase your favorite brands in person.\nAs one of the many contact points for businesses and consumers, Mapo C&amp;C offers essential consumer categories under well-known brand names at competitive prices. Mapo Cash &amp; Carry serves both wholesale customers with a NIPT number and retail consumers looking to benefit from our exclusive product assortment.<\/p>\n<p>Now You Can Shop Anytime, Anywhere!<\/p>\n                    <div class=\"social-media-eshop\">\n                         <a href=\"https:\/\/www.facebook.com\/EurolabInternacionalGrup\" target=\"_blank\"><img decoding=\"async\" src=\"https:\/\/eurolabinternacional.com\/wp-content\/themes\/eurolab\/assets\/images\/fb-r.png\"><\/a>\n                            <a href=\"https:\/\/www.instagram.com\/mapocashcarry\/\" target=\"_blank\"><img decoding=\"async\" src=\"https:\/\/eurolabinternacional.com\/wp-content\/themes\/eurolab\/assets\/images\/in-r.png\"><\/a>\n                    <\/div>\n                    <a href=\"https:\/\/mapo.eurolab.com.al\/\" target=\"_blank\">Mapocity Online <\/a>\n                <\/div>\n            <\/div>\n            <div class=\"col-lg-5\">\n                <div class=\"eshop-page-block\">\n                    <img decoding=\"async\" src=\"https:\/\/eurolabinternacional.com\/wp-content\/uploads\/2023\/08\/Picture2.jpg\">\n                <\/div>\n            <\/div>\n        <\/div>\n    <\/div>\n<\/section>\r\n\r\n\r\n<h3 class=\"wp-block-heading has-text-align-center\">ABOUT MAPO CITY<\/h3>\r\n\r\n\r\n\r\n<p class=\"has-text-align-center\">The best location to experience premium quality brands of wine, spirits and coffee brands is Mapo City. The Skopje East Gate shopping center houses the Mapo City store, which opened in Macedonia in 2021. The most recent Mapo City is now located in Podgorica (Capital Plaza), Montenegro<\/p>\r\n\r\n\r\n\r\n<p class=\"has-text-align-center has-text-color\" style=\"color:#b80000\"><strong>Newest Mapo City in Podgorica, Montenegro<\/strong><\/p>","protected":false},"excerpt":{"rendered":"<p>RRETH MAPO CITY Mapo City \u00ebsht\u00eb vendi ideal p\u00ebr t\u00eb shijuar eksperienc\u00ebn e markave premium t\u00eb alkooleve, ver\u00ebrave dhe kafes\u00eb. Dyqani i Mapo City u hap n\u00eb Maqedoni n\u00eb vitin 2021 dhe gjendet n\u00eb qendr\u00ebn tregtare Skopje East Gate. Mapo City m\u00eb i ri \u00ebsht\u00eb edhe ne Podgoric\u00eb (Capital Plaza), Mali i Zi. Mapo City [&hellip;]<\/p>\n","protected":false},"author":1,"featured_media":358,"parent":0,"menu_order":0,"comment_status":"closed","ping_status":"closed","template":"mapo-city.php","meta":{"_acf_changed":false,"footnotes":""},"class_list":["post-328","page","type-page","status-publish","has-post-thumbnail","hentry"],"acf":[],"yoast_head":"<!-- This site is optimized with the Yoast SEO plugin v27.4 - https:\/\/yoast.com\/product\/yoast-seo-wordpress\/ -->\n<title>Mapo City - Eurolab<\/title>\n<meta name=\"robots\" content=\"index, follow, max-snippet:-1, max-image-preview:large, max-video-preview:-1\" \/>\n<link rel=\"canonical\" href=\"https:\/\/eurolabinternacional.com\/en\/mapo-city\/\" \/>\n<meta property=\"og:locale\" content=\"en_US\" \/>\n<meta property=\"og:type\" content=\"article\" \/>\n<meta property=\"og:title\" content=\"Mapo City - Eurolab\" \/>\n<meta property=\"og:description\" content=\"RRETH MAPO CITY Mapo City \u00ebsht\u00eb vendi ideal p\u00ebr t\u00eb shijuar eksperienc\u00ebn e markave premium t\u00eb alkooleve, ver\u00ebrave dhe kafes\u00eb. Dyqani i Mapo City u hap n\u00eb Maqedoni n\u00eb vitin 2021 dhe gjendet n\u00eb qendr\u00ebn tregtare Skopje East Gate. Mapo City m\u00eb i ri \u00ebsht\u00eb edhe ne Podgoric\u00eb (Capital Plaza), Mali i Zi. Mapo City [&hellip;]\" \/>\n<meta property=\"og:url\" content=\"https:\/\/eurolabinternacional.com\/en\/mapo-city\/\" \/>\n<meta property=\"og:site_name\" content=\"Eurolab\" \/>\n<meta property=\"article:publisher\" content=\"https:\/\/www.facebook.com\/EurolabInternacionalGrup\" \/>\n<meta property=\"article:modified_time\" content=\"2024-12-24T12:54:01+00:00\" \/>\n<meta property=\"og:image\" content=\"https:\/\/eurolabinternacional.com\/wp-content\/uploads\/2022\/05\/MApo-city.png\" \/>\n\t<meta property=\"og:image:width\" content=\"4099\" \/>\n\t<meta property=\"og:image:height\" content=\"2212\" \/>\n\t<meta property=\"og:image:type\" content=\"image\/png\" \/>\n<meta name=\"twitter:card\" content=\"summary_large_image\" \/>\n<meta name=\"twitter:label1\" content=\"Est. reading time\" \/>\n\t<meta name=\"twitter:data1\" content=\"1 minute\" \/>\n<script type=\"application\/ld+json\" class=\"yoast-schema-graph\">{\"@context\":\"https:\\\/\\\/schema.org\",\"@graph\":[{\"@type\":\"WebPage\",\"@id\":\"https:\\\/\\\/eurolabinternacional.com\\\/mapo-city\\\/\",\"url\":\"https:\\\/\\\/eurolabinternacional.com\\\/mapo-city\\\/\",\"name\":\"Mapo City - Eurolab\",\"isPartOf\":{\"@id\":\"https:\\\/\\\/eurolabinternacional.com\\\/#website\"},\"primaryImageOfPage\":{\"@id\":\"https:\\\/\\\/eurolabinternacional.com\\\/mapo-city\\\/#primaryimage\"},\"image\":{\"@id\":\"https:\\\/\\\/eurolabinternacional.com\\\/mapo-city\\\/#primaryimage\"},\"thumbnailUrl\":\"https:\\\/\\\/eurolabinternacional.com\\\/wp-content\\\/uploads\\\/2022\\\/05\\\/MApo-city.png\",\"datePublished\":\"2022-05-10T14:30:53+00:00\",\"dateModified\":\"2024-12-24T12:54:01+00:00\",\"breadcrumb\":{\"@id\":\"https:\\\/\\\/eurolabinternacional.com\\\/mapo-city\\\/#breadcrumb\"},\"inLanguage\":\"en-US\",\"potentialAction\":[{\"@type\":\"ReadAction\",\"target\":[\"https:\\\/\\\/eurolabinternacional.com\\\/mapo-city\\\/\"]}]},{\"@type\":\"ImageObject\",\"inLanguage\":\"en-US\",\"@id\":\"https:\\\/\\\/eurolabinternacional.com\\\/mapo-city\\\/#primaryimage\",\"url\":\"https:\\\/\\\/eurolabinternacional.com\\\/wp-content\\\/uploads\\\/2022\\\/05\\\/MApo-city.png\",\"contentUrl\":\"https:\\\/\\\/eurolabinternacional.com\\\/wp-content\\\/uploads\\\/2022\\\/05\\\/MApo-city.png\",\"width\":4099,\"height\":2212},{\"@type\":\"BreadcrumbList\",\"@id\":\"https:\\\/\\\/eurolabinternacional.com\\\/mapo-city\\\/#breadcrumb\",\"itemListElement\":[{\"@type\":\"ListItem\",\"position\":1,\"name\":\"Home\",\"item\":\"https:\\\/\\\/eurolabinternacional.com\\\/\"},{\"@type\":\"ListItem\",\"position\":2,\"name\":\"Mapo City\"}]},{\"@type\":\"WebSite\",\"@id\":\"https:\\\/\\\/eurolabinternacional.com\\\/#website\",\"url\":\"https:\\\/\\\/eurolabinternacional.com\\\/\",\"name\":\"Eurolab Internacional Grup\",\"description\":\"EUROLAB INTERNATIONAL GROUP\",\"publisher\":{\"@id\":\"https:\\\/\\\/eurolabinternacional.com\\\/#organization\"},\"potentialAction\":[{\"@type\":\"SearchAction\",\"target\":{\"@type\":\"EntryPoint\",\"urlTemplate\":\"https:\\\/\\\/eurolabinternacional.com\\\/?s={search_term_string}\"},\"query-input\":{\"@type\":\"PropertyValueSpecification\",\"valueRequired\":true,\"valueName\":\"search_term_string\"}}],\"inLanguage\":\"en-US\"},{\"@type\":\"Organization\",\"@id\":\"https:\\\/\\\/eurolabinternacional.com\\\/#organization\",\"name\":\"Eurolab Internacional Grup\",\"url\":\"https:\\\/\\\/eurolabinternacional.com\\\/\",\"logo\":{\"@type\":\"ImageObject\",\"inLanguage\":\"en-US\",\"@id\":\"https:\\\/\\\/eurolabinternacional.com\\\/#\\\/schema\\\/logo\\\/image\\\/\",\"url\":\"https:\\\/\\\/eurolabinternacional.com\\\/wp-content\\\/uploads\\\/2024\\\/11\\\/logo.png\",\"contentUrl\":\"https:\\\/\\\/eurolabinternacional.com\\\/wp-content\\\/uploads\\\/2024\\\/11\\\/logo.png\",\"width\":170,\"height\":36,\"caption\":\"Eurolab Internacional Grup\"},\"image\":{\"@id\":\"https:\\\/\\\/eurolabinternacional.com\\\/#\\\/schema\\\/logo\\\/image\\\/\"},\"sameAs\":[\"https:\\\/\\\/www.facebook.com\\\/EurolabInternacionalGrup\",\"https:\\\/\\\/www.linkedin.com\\\/company\\\/eurolab-internacional-grup\\\/\"]}]}<\/script>\n<!-- \/ Yoast SEO plugin. -->","yoast_head_json":{"title":"Mapo City - Eurolab","robots":{"index":"index","follow":"follow","max-snippet":"max-snippet:-1","max-image-preview":"max-image-preview:large","max-video-preview":"max-video-preview:-1"},"canonical":"https:\/\/eurolabinternacional.com\/en\/mapo-city\/","og_locale":"en_US","og_type":"article","og_title":"Mapo City - Eurolab","og_description":"RRETH MAPO CITY Mapo City \u00ebsht\u00eb vendi ideal p\u00ebr t\u00eb shijuar eksperienc\u00ebn e markave premium t\u00eb alkooleve, ver\u00ebrave dhe kafes\u00eb. Dyqani i Mapo City u hap n\u00eb Maqedoni n\u00eb vitin 2021 dhe gjendet n\u00eb qendr\u00ebn tregtare Skopje East Gate. Mapo City m\u00eb i ri \u00ebsht\u00eb edhe ne Podgoric\u00eb (Capital Plaza), Mali i Zi. Mapo City [&hellip;]","og_url":"https:\/\/eurolabinternacional.com\/en\/mapo-city\/","og_site_name":"Eurolab","article_publisher":"https:\/\/www.facebook.com\/EurolabInternacionalGrup","article_modified_time":"2024-12-24T12:54:01+00:00","og_image":[{"width":4099,"height":2212,"url":"https:\/\/eurolabinternacional.com\/wp-content\/uploads\/2022\/05\/MApo-city.png","type":"image\/png"}],"twitter_card":"summary_large_image","twitter_misc":{"Est. reading time":"1 minute"},"schema":{"@context":"https:\/\/schema.org","@graph":[{"@type":"WebPage","@id":"https:\/\/eurolabinternacional.com\/mapo-city\/","url":"https:\/\/eurolabinternacional.com\/mapo-city\/","name":"Mapo City - Eurolab","isPartOf":{"@id":"https:\/\/eurolabinternacional.com\/#website"},"primaryImageOfPage":{"@id":"https:\/\/eurolabinternacional.com\/mapo-city\/#primaryimage"},"image":{"@id":"https:\/\/eurolabinternacional.com\/mapo-city\/#primaryimage"},"thumbnailUrl":"https:\/\/eurolabinternacional.com\/wp-content\/uploads\/2022\/05\/MApo-city.png","datePublished":"2022-05-10T14:30:53+00:00","dateModified":"2024-12-24T12:54:01+00:00","breadcrumb":{"@id":"https:\/\/eurolabinternacional.com\/mapo-city\/#breadcrumb"},"inLanguage":"en-US","potentialAction":[{"@type":"ReadAction","target":["https:\/\/eurolabinternacional.com\/mapo-city\/"]}]},{"@type":"ImageObject","inLanguage":"en-US","@id":"https:\/\/eurolabinternacional.com\/mapo-city\/#primaryimage","url":"https:\/\/eurolabinternacional.com\/wp-content\/uploads\/2022\/05\/MApo-city.png","contentUrl":"https:\/\/eurolabinternacional.com\/wp-content\/uploads\/2022\/05\/MApo-city.png","width":4099,"height":2212},{"@type":"BreadcrumbList","@id":"https:\/\/eurolabinternacional.com\/mapo-city\/#breadcrumb","itemListElement":[{"@type":"ListItem","position":1,"name":"Home","item":"https:\/\/eurolabinternacional.com\/"},{"@type":"ListItem","position":2,"name":"Mapo City"}]},{"@type":"WebSite","@id":"https:\/\/eurolabinternacional.com\/#website","url":"https:\/\/eurolabinternacional.com\/","name":"Eurolab Internacional Grup","description":"EUROLAB INTERNATIONAL GROUP","publisher":{"@id":"https:\/\/eurolabinternacional.com\/#organization"},"potentialAction":[{"@type":"SearchAction","target":{"@type":"EntryPoint","urlTemplate":"https:\/\/eurolabinternacional.com\/?s={search_term_string}"},"query-input":{"@type":"PropertyValueSpecification","valueRequired":true,"valueName":"search_term_string"}}],"inLanguage":"en-US"},{"@type":"Organization","@id":"https:\/\/eurolabinternacional.com\/#organization","name":"Eurolab Internacional Grup","url":"https:\/\/eurolabinternacional.com\/","logo":{"@type":"ImageObject","inLanguage":"en-US","@id":"https:\/\/eurolabinternacional.com\/#\/schema\/logo\/image\/","url":"https:\/\/eurolabinternacional.com\/wp-content\/uploads\/2024\/11\/logo.png","contentUrl":"https:\/\/eurolabinternacional.com\/wp-content\/uploads\/2024\/11\/logo.png","width":170,"height":36,"caption":"Eurolab Internacional Grup"},"image":{"@id":"https:\/\/eurolabinternacional.com\/#\/schema\/logo\/image\/"},"sameAs":["https:\/\/www.facebook.com\/EurolabInternacionalGrup","https:\/\/www.linkedin.com\/company\/eurolab-internacional-grup\/"]}]}},"_links":{"self":[{"href":"https:\/\/eurolabinternacional.com\/en\/wp-json\/wp\/v2\/pages\/328","targetHints":{"allow":["GET"]}}],"collection":[{"href":"https:\/\/eurolabinternacional.com\/en\/wp-json\/wp\/v2\/pages"}],"about":[{"href":"https:\/\/eurolabinternacional.com\/en\/wp-json\/wp\/v2\/types\/page"}],"author":[{"embeddable":true,"href":"https:\/\/eurolabinternacional.com\/en\/wp-json\/wp\/v2\/users\/1"}],"replies":[{"embeddable":true,"href":"https:\/\/eurolabinternacional.com\/en\/wp-json\/wp\/v2\/comments?post=328"}],"version-history":[{"count":4,"href":"https:\/\/eurolabinternacional.com\/en\/wp-json\/wp\/v2\/pages\/328\/revisions"}],"predecessor-version":[{"id":1590,"href":"https:\/\/eurolabinternacional.com\/en\/wp-json\/wp\/v2\/pages\/328\/revisions\/1590"}],"wp:featuredmedia":[{"embeddable":true,"href":"https:\/\/eurolabinternacional.com\/en\/wp-json\/wp\/v2\/media\/358"}],"wp:attachment":[{"href":"https:\/\/eurolabinternacional.com\/en\/wp-json\/wp\/v2\/media?parent=328"}],"curies":[{"name":"wp","href":"https:\/\/api.w.org\/{rel}","templated":true}]}}