{"id":15,"date":"2022-03-28T10:17:04","date_gmt":"2022-03-28T10:17:04","guid":{"rendered":"http:\/\/localhost\/eurolab\/?page_id=15"},"modified":"2026-03-19T08:16:46","modified_gmt":"2026-03-19T08:16:46","slug":"home","status":"publish","type":"page","link":"https:\/\/eurolabinternacional.com\/en\/","title":{"rendered":"Home"},"content":{"rendered":"<h2 class=\"wp-block-heading\">Eurolab in Western Balkans.<\/h2>\r\n\r\n\r\n\r\n<h3 class=\"wp-block-heading\">Our distribution trail has grown exponentially.<\/h3>\r\n\r\n\r\n\r\n<p>We started in 1995 from a region of Albania and today we cover all markets in the Western Balkans with the distribution of premium quality products.<\/p>\r\n\r\n\r\n\r\n<p>Our work culture relies on passion, dedication, innovation and long-term partnership, making us among the most reliable distribution networks.<\/p>\r\n\r\n\r\n\r\n<p>Our values guide us in the strategy of growth and success enabling the continuous expansion of the portfolio of premium brands.<\/p>","protected":false},"excerpt":{"rendered":"<p>Eurolab n\u00eb Ballkanin Per\u00ebndimor Rrug\u00ebt tona t\u00eb shp\u00ebrndarjes jan\u00eb rritur n\u00eb m\u00ebnyr\u00eb eksponenciale E filluam n\u00eb vitin 1995 nga nj\u00eb rajon i Shqip\u00ebris\u00eb dhe sot mbulojm\u00eb t\u00eb gjitha tregjet e Ballkanit Per\u00ebndimor me shp\u00ebrndarjen e produkteve t\u00eb cil\u00ebsis\u00eb premium. Kultura jon\u00eb e pun\u00ebs mb\u00ebshtetet tek pasioni, p\u00ebrkushtimi, inovacioni dhe partneriteti afatgjat\u00eb, duke na b\u00ebr\u00eb nd\u00ebr [&hellip;]<\/p>\n","protected":false},"author":1,"featured_media":171,"parent":0,"menu_order":0,"comment_status":"closed","ping_status":"closed","template":"home.php","meta":{"_acf_changed":false,"footnotes":""},"class_list":["post-15","page","type-page","status-publish","has-post-thumbnail","hentry"],"acf":[],"yoast_head":"<!-- This site is optimized with the Yoast SEO plugin v27.3 - https:\/\/yoast.com\/product\/yoast-seo-wordpress\/ -->\n<title>Eurolab Internacional Grup - FMCG<\/title>\n<meta name=\"description\" content=\"30 vite eksperienc\u00eb n\u00eb distribucion, import dhe eksport. Mbi 80 marka premium nga gjith\u00eb bota, n\u00eb 10 shtete t\u00eb Ballkanit Per\u00ebndimor. Partneri juaj i duhur.\" \/>\n<meta name=\"robots\" content=\"index, follow, max-snippet:-1, max-image-preview:large, max-video-preview:-1\" \/>\n<link rel=\"canonical\" href=\"https:\/\/eurolabinternacional.com\/en\/\" \/>\n<meta property=\"og:locale\" content=\"en_US\" \/>\n<meta property=\"og:type\" content=\"article\" \/>\n<meta property=\"og:title\" content=\"Eurolab Internacional Grup - FMCG\" \/>\n<meta property=\"og:description\" content=\"30 vite eksperienc\u00eb n\u00eb distribucion, import dhe eksport. Mbi 80 marka premium nga gjith\u00eb bota, n\u00eb 10 shtete t\u00eb Ballkanit Per\u00ebndimor. Partneri juaj i duhur.\" \/>\n<meta property=\"og:url\" content=\"https:\/\/eurolabinternacional.com\/en\/\" \/>\n<meta property=\"og:site_name\" content=\"Eurolab\" \/>\n<meta property=\"article:publisher\" content=\"https:\/\/www.facebook.com\/EurolabInternacionalGrup\" \/>\n<meta property=\"article:modified_time\" content=\"2026-03-19T08:16:46+00:00\" \/>\n<meta property=\"og:image\" content=\"https:\/\/eurolabinternacional.com\/wp-content\/uploads\/2022\/04\/home1.png\" \/>\n\t<meta property=\"og:image:width\" content=\"2488\" \/>\n\t<meta property=\"og:image:height\" content=\"1258\" \/>\n\t<meta property=\"og:image:type\" content=\"image\/png\" \/>\n<meta name=\"twitter:card\" content=\"summary_large_image\" \/>\n<meta name=\"twitter:label1\" content=\"Est. reading time\" \/>\n\t<meta name=\"twitter:data1\" content=\"1 minute\" \/>\n<script type=\"application\/ld+json\" class=\"yoast-schema-graph\">{\"@context\":\"https:\\\/\\\/schema.org\",\"@graph\":[{\"@type\":\"WebPage\",\"@id\":\"https:\\\/\\\/eurolabinternacional.com\\\/\",\"url\":\"https:\\\/\\\/eurolabinternacional.com\\\/\",\"name\":\"Eurolab Internacional Grup - FMCG\",\"isPartOf\":{\"@id\":\"https:\\\/\\\/eurolabinternacional.com\\\/#website\"},\"primaryImageOfPage\":{\"@id\":\"https:\\\/\\\/eurolabinternacional.com\\\/#primaryimage\"},\"image\":{\"@id\":\"https:\\\/\\\/eurolabinternacional.com\\\/#primaryimage\"},\"thumbnailUrl\":\"https:\\\/\\\/eurolabinternacional.com\\\/wp-content\\\/uploads\\\/2022\\\/04\\\/home1.png\",\"datePublished\":\"2022-03-28T10:17:04+00:00\",\"dateModified\":\"2026-03-19T08:16:46+00:00\",\"description\":\"30 vite eksperienc\u00eb n\u00eb distribucion, import dhe eksport. Mbi 80 marka premium nga gjith\u00eb bota, n\u00eb 10 shtete t\u00eb Ballkanit Per\u00ebndimor. Partneri juaj i duhur.\",\"breadcrumb\":{\"@id\":\"https:\\\/\\\/eurolabinternacional.com\\\/#breadcrumb\"},\"inLanguage\":\"en-US\",\"potentialAction\":[{\"@type\":\"ReadAction\",\"target\":[\"https:\\\/\\\/eurolabinternacional.com\\\/\"]}]},{\"@type\":\"ImageObject\",\"inLanguage\":\"en-US\",\"@id\":\"https:\\\/\\\/eurolabinternacional.com\\\/#primaryimage\",\"url\":\"https:\\\/\\\/eurolabinternacional.com\\\/wp-content\\\/uploads\\\/2022\\\/04\\\/home1.png\",\"contentUrl\":\"https:\\\/\\\/eurolabinternacional.com\\\/wp-content\\\/uploads\\\/2022\\\/04\\\/home1.png\",\"width\":2488,\"height\":1258},{\"@type\":\"BreadcrumbList\",\"@id\":\"https:\\\/\\\/eurolabinternacional.com\\\/#breadcrumb\",\"itemListElement\":[{\"@type\":\"ListItem\",\"position\":1,\"name\":\"Home\",\"item\":\"https:\\\/\\\/eurolabinternacional.com\\\/\"},{\"@type\":\"ListItem\",\"position\":2,\"name\":\"Home\"}]},{\"@type\":\"WebSite\",\"@id\":\"https:\\\/\\\/eurolabinternacional.com\\\/#website\",\"url\":\"https:\\\/\\\/eurolabinternacional.com\\\/\",\"name\":\"Eurolab Internacional Grup\",\"description\":\"EUROLAB INTERNATIONAL GROUP\",\"publisher\":{\"@id\":\"https:\\\/\\\/eurolabinternacional.com\\\/#organization\"},\"potentialAction\":[{\"@type\":\"SearchAction\",\"target\":{\"@type\":\"EntryPoint\",\"urlTemplate\":\"https:\\\/\\\/eurolabinternacional.com\\\/?s={search_term_string}\"},\"query-input\":{\"@type\":\"PropertyValueSpecification\",\"valueRequired\":true,\"valueName\":\"search_term_string\"}}],\"inLanguage\":\"en-US\"},{\"@type\":\"Organization\",\"@id\":\"https:\\\/\\\/eurolabinternacional.com\\\/#organization\",\"name\":\"Eurolab Internacional Grup\",\"url\":\"https:\\\/\\\/eurolabinternacional.com\\\/\",\"logo\":{\"@type\":\"ImageObject\",\"inLanguage\":\"en-US\",\"@id\":\"https:\\\/\\\/eurolabinternacional.com\\\/#\\\/schema\\\/logo\\\/image\\\/\",\"url\":\"https:\\\/\\\/eurolabinternacional.com\\\/wp-content\\\/uploads\\\/2024\\\/11\\\/logo.png\",\"contentUrl\":\"https:\\\/\\\/eurolabinternacional.com\\\/wp-content\\\/uploads\\\/2024\\\/11\\\/logo.png\",\"width\":170,\"height\":36,\"caption\":\"Eurolab Internacional Grup\"},\"image\":{\"@id\":\"https:\\\/\\\/eurolabinternacional.com\\\/#\\\/schema\\\/logo\\\/image\\\/\"},\"sameAs\":[\"https:\\\/\\\/www.facebook.com\\\/EurolabInternacionalGrup\",\"https:\\\/\\\/www.linkedin.com\\\/company\\\/eurolab-internacional-grup\\\/\"]}]}<\/script>\n<!-- \/ Yoast SEO plugin. -->","yoast_head_json":{"title":"Eurolab Internacional Grup - FMCG","description":"30 vite eksperienc\u00eb n\u00eb distribucion, import dhe eksport. Mbi 80 marka premium nga gjith\u00eb bota, n\u00eb 10 shtete t\u00eb Ballkanit Per\u00ebndimor. Partneri juaj i duhur.","robots":{"index":"index","follow":"follow","max-snippet":"max-snippet:-1","max-image-preview":"max-image-preview:large","max-video-preview":"max-video-preview:-1"},"canonical":"https:\/\/eurolabinternacional.com\/en\/","og_locale":"en_US","og_type":"article","og_title":"Eurolab Internacional Grup - FMCG","og_description":"30 vite eksperienc\u00eb n\u00eb distribucion, import dhe eksport. Mbi 80 marka premium nga gjith\u00eb bota, n\u00eb 10 shtete t\u00eb Ballkanit Per\u00ebndimor. Partneri juaj i duhur.","og_url":"https:\/\/eurolabinternacional.com\/en\/","og_site_name":"Eurolab","article_publisher":"https:\/\/www.facebook.com\/EurolabInternacionalGrup","article_modified_time":"2026-03-19T08:16:46+00:00","og_image":[{"width":2488,"height":1258,"url":"https:\/\/eurolabinternacional.com\/wp-content\/uploads\/2022\/04\/home1.png","type":"image\/png"}],"twitter_card":"summary_large_image","twitter_misc":{"Est. reading time":"1 minute"},"schema":{"@context":"https:\/\/schema.org","@graph":[{"@type":"WebPage","@id":"https:\/\/eurolabinternacional.com\/","url":"https:\/\/eurolabinternacional.com\/","name":"Eurolab Internacional Grup - FMCG","isPartOf":{"@id":"https:\/\/eurolabinternacional.com\/#website"},"primaryImageOfPage":{"@id":"https:\/\/eurolabinternacional.com\/#primaryimage"},"image":{"@id":"https:\/\/eurolabinternacional.com\/#primaryimage"},"thumbnailUrl":"https:\/\/eurolabinternacional.com\/wp-content\/uploads\/2022\/04\/home1.png","datePublished":"2022-03-28T10:17:04+00:00","dateModified":"2026-03-19T08:16:46+00:00","description":"30 vite eksperienc\u00eb n\u00eb distribucion, import dhe eksport. Mbi 80 marka premium nga gjith\u00eb bota, n\u00eb 10 shtete t\u00eb Ballkanit Per\u00ebndimor. Partneri juaj i duhur.","breadcrumb":{"@id":"https:\/\/eurolabinternacional.com\/#breadcrumb"},"inLanguage":"en-US","potentialAction":[{"@type":"ReadAction","target":["https:\/\/eurolabinternacional.com\/"]}]},{"@type":"ImageObject","inLanguage":"en-US","@id":"https:\/\/eurolabinternacional.com\/#primaryimage","url":"https:\/\/eurolabinternacional.com\/wp-content\/uploads\/2022\/04\/home1.png","contentUrl":"https:\/\/eurolabinternacional.com\/wp-content\/uploads\/2022\/04\/home1.png","width":2488,"height":1258},{"@type":"BreadcrumbList","@id":"https:\/\/eurolabinternacional.com\/#breadcrumb","itemListElement":[{"@type":"ListItem","position":1,"name":"Home","item":"https:\/\/eurolabinternacional.com\/"},{"@type":"ListItem","position":2,"name":"Home"}]},{"@type":"WebSite","@id":"https:\/\/eurolabinternacional.com\/#website","url":"https:\/\/eurolabinternacional.com\/","name":"Eurolab Internacional Grup","description":"EUROLAB INTERNATIONAL GROUP","publisher":{"@id":"https:\/\/eurolabinternacional.com\/#organization"},"potentialAction":[{"@type":"SearchAction","target":{"@type":"EntryPoint","urlTemplate":"https:\/\/eurolabinternacional.com\/?s={search_term_string}"},"query-input":{"@type":"PropertyValueSpecification","valueRequired":true,"valueName":"search_term_string"}}],"inLanguage":"en-US"},{"@type":"Organization","@id":"https:\/\/eurolabinternacional.com\/#organization","name":"Eurolab Internacional Grup","url":"https:\/\/eurolabinternacional.com\/","logo":{"@type":"ImageObject","inLanguage":"en-US","@id":"https:\/\/eurolabinternacional.com\/#\/schema\/logo\/image\/","url":"https:\/\/eurolabinternacional.com\/wp-content\/uploads\/2024\/11\/logo.png","contentUrl":"https:\/\/eurolabinternacional.com\/wp-content\/uploads\/2024\/11\/logo.png","width":170,"height":36,"caption":"Eurolab Internacional Grup"},"image":{"@id":"https:\/\/eurolabinternacional.com\/#\/schema\/logo\/image\/"},"sameAs":["https:\/\/www.facebook.com\/EurolabInternacionalGrup","https:\/\/www.linkedin.com\/company\/eurolab-internacional-grup\/"]}]}},"_links":{"self":[{"href":"https:\/\/eurolabinternacional.com\/en\/wp-json\/wp\/v2\/pages\/15","targetHints":{"allow":["GET"]}}],"collection":[{"href":"https:\/\/eurolabinternacional.com\/en\/wp-json\/wp\/v2\/pages"}],"about":[{"href":"https:\/\/eurolabinternacional.com\/en\/wp-json\/wp\/v2\/types\/page"}],"author":[{"embeddable":true,"href":"https:\/\/eurolabinternacional.com\/en\/wp-json\/wp\/v2\/users\/1"}],"replies":[{"embeddable":true,"href":"https:\/\/eurolabinternacional.com\/en\/wp-json\/wp\/v2\/comments?post=15"}],"version-history":[{"count":5,"href":"https:\/\/eurolabinternacional.com\/en\/wp-json\/wp\/v2\/pages\/15\/revisions"}],"predecessor-version":[{"id":2084,"href":"https:\/\/eurolabinternacional.com\/en\/wp-json\/wp\/v2\/pages\/15\/revisions\/2084"}],"wp:featuredmedia":[{"embeddable":true,"href":"https:\/\/eurolabinternacional.com\/en\/wp-json\/wp\/v2\/media\/171"}],"wp:attachment":[{"href":"https:\/\/eurolabinternacional.com\/en\/wp-json\/wp\/v2\/media?parent=15"}],"curies":[{"name":"wp","href":"https:\/\/api.w.org\/{rel}","templated":true}]}}