{"id":118,"date":"2022-04-05T13:19:15","date_gmt":"2022-04-05T13:19:15","guid":{"rendered":"http:\/\/localhost\/eurolab\/?page_id=118"},"modified":"2022-04-21T10:23:26","modified_gmt":"2022-04-21T10:23:26","slug":"intership","status":"publish","type":"page","link":"https:\/\/eurolabinternacional.com\/en\/intership\/","title":{"rendered":"Intership"},"content":{"rendered":"<h2 class=\"has-text-color wp-block-heading\" style=\"color:#b80000\">Internship<\/h2>\n\n\n\n<p>Eurolab offers practical opportunities for recent graduate students. Join us and we will give you the opportunity to develop professionally!<\/p>\n\n\n\n<p>Want a new job to develop your potential?<br>Want a promising career?<\/p>\n\n\n\n<p>We will help you express your talents, develop and attain your potential.<\/p>\n\n\n\n<div class=\"wp-block-columns is-layout-flex wp-container-core-columns-is-layout-9d6595d7 wp-block-columns-is-layout-flex\">\n<div class=\"wp-block-column is-layout-flow wp-block-column-is-layout-flow\">\n<figure class=\"wp-block-image size-large\"><img decoding=\"async\" src=\"https:\/\/eurolab.com.al\/wp-content\/uploads\/2022\/04\/WhatsApp-Image-2022-02-09-at-5.22.07-PM-1-1024x768.jpeg\" alt=\"\"\/><\/figure>\n<\/div>\n\n\n\n<div class=\"wp-block-column is-layout-flow wp-block-column-is-layout-flow\">\n<figure class=\"wp-block-image size-large\"><img decoding=\"async\" src=\"https:\/\/eurolab.com.al\/wp-content\/uploads\/2022\/04\/abe6ff8f-882a-41bb-ac5e-82790ad400e5-1024x768.jpg\" alt=\"\"\/><\/figure>\n<\/div>\n<\/div>","protected":false},"excerpt":{"rendered":"<p>Internship Eurolab ofron mund\u00ebsi praktike p\u00ebr student\u00ebt e sapodiplomuar. Bashkohuni me ne dhe do t\u2019ju japim mund\u00ebsi t\u00eb zhvilloheni profesionalisht! D\u00ebshironi nj\u00eb pun\u00eb t\u00eb re p\u00ebr t\u00eb zhvilluar potencialin tuaj?D\u00ebshironi nj\u00eb karrier\u00eb premtuese? Ne do ju mb\u00ebshtesim t\u00eb manifestoni aft\u00ebsit\u00eb tuaja, si dhe t\u00eb pasuroni dhe zhvilloni potencialin tuaj.<\/p>","protected":false},"author":1,"featured_media":241,"parent":0,"menu_order":0,"comment_status":"closed","ping_status":"closed","template":"intership.php","meta":{"_acf_changed":false,"footnotes":""},"class_list":["post-118","page","type-page","status-publish","has-post-thumbnail","hentry"],"acf":[],"yoast_head":"<!-- This site is optimized with the Yoast SEO plugin v27.3 - https:\/\/yoast.com\/product\/yoast-seo-wordpress\/ -->\n<title>Intership - Eurolab<\/title>\n<meta name=\"robots\" content=\"index, follow, max-snippet:-1, max-image-preview:large, max-video-preview:-1\" \/>\n<link rel=\"canonical\" href=\"https:\/\/eurolabinternacional.com\/en\/intership\/\" \/>\n<meta property=\"og:locale\" content=\"en_US\" \/>\n<meta property=\"og:type\" content=\"article\" \/>\n<meta property=\"og:title\" content=\"Intership - Eurolab\" \/>\n<meta property=\"og:description\" content=\"Internship Eurolab ofron mund\u00ebsi praktike p\u00ebr student\u00ebt e sapodiplomuar. Bashkohuni me ne dhe do t\u2019ju japim mund\u00ebsi t\u00eb zhvilloheni profesionalisht! D\u00ebshironi nj\u00eb pun\u00eb t\u00eb re p\u00ebr t\u00eb zhvilluar potencialin tuaj?D\u00ebshironi nj\u00eb karrier\u00eb premtuese? Ne do ju mb\u00ebshtesim t\u00eb manifestoni aft\u00ebsit\u00eb tuaja, si dhe t\u00eb pasuroni dhe zhvilloni potencialin tuaj.\" \/>\n<meta property=\"og:url\" content=\"https:\/\/eurolabinternacional.com\/en\/intership\/\" \/>\n<meta property=\"og:site_name\" content=\"Eurolab\" \/>\n<meta property=\"article:publisher\" content=\"https:\/\/www.facebook.com\/EurolabInternacionalGrup\" \/>\n<meta property=\"article:modified_time\" content=\"2022-04-21T10:23:26+00:00\" \/>\n<meta property=\"og:image\" content=\"https:\/\/eurolabinternacional.com\/wp-content\/uploads\/2022\/04\/karriera.png\" \/>\n\t<meta property=\"og:image:width\" content=\"2000\" \/>\n\t<meta property=\"og:image:height\" content=\"1008\" \/>\n\t<meta property=\"og:image:type\" content=\"image\/png\" \/>\n<meta name=\"twitter:card\" content=\"summary_large_image\" \/>\n<meta name=\"twitter:label1\" content=\"Est. reading time\" \/>\n\t<meta name=\"twitter:data1\" content=\"1 minute\" \/>\n<script type=\"application\/ld+json\" class=\"yoast-schema-graph\">{\"@context\":\"https:\\\/\\\/schema.org\",\"@graph\":[{\"@type\":\"WebPage\",\"@id\":\"https:\\\/\\\/eurolabinternacional.com\\\/intership\\\/\",\"url\":\"https:\\\/\\\/eurolabinternacional.com\\\/intership\\\/\",\"name\":\"Intership - Eurolab\",\"isPartOf\":{\"@id\":\"https:\\\/\\\/eurolabinternacional.com\\\/#website\"},\"primaryImageOfPage\":{\"@id\":\"https:\\\/\\\/eurolabinternacional.com\\\/intership\\\/#primaryimage\"},\"image\":{\"@id\":\"https:\\\/\\\/eurolabinternacional.com\\\/intership\\\/#primaryimage\"},\"thumbnailUrl\":\"https:\\\/\\\/eurolabinternacional.com\\\/wp-content\\\/uploads\\\/2022\\\/04\\\/karriera.png\",\"datePublished\":\"2022-04-05T13:19:15+00:00\",\"dateModified\":\"2022-04-21T10:23:26+00:00\",\"breadcrumb\":{\"@id\":\"https:\\\/\\\/eurolabinternacional.com\\\/intership\\\/#breadcrumb\"},\"inLanguage\":\"en-US\",\"potentialAction\":[{\"@type\":\"ReadAction\",\"target\":[\"https:\\\/\\\/eurolabinternacional.com\\\/intership\\\/\"]}]},{\"@type\":\"ImageObject\",\"inLanguage\":\"en-US\",\"@id\":\"https:\\\/\\\/eurolabinternacional.com\\\/intership\\\/#primaryimage\",\"url\":\"https:\\\/\\\/eurolabinternacional.com\\\/wp-content\\\/uploads\\\/2022\\\/04\\\/karriera.png\",\"contentUrl\":\"https:\\\/\\\/eurolabinternacional.com\\\/wp-content\\\/uploads\\\/2022\\\/04\\\/karriera.png\",\"width\":2000,\"height\":1008},{\"@type\":\"BreadcrumbList\",\"@id\":\"https:\\\/\\\/eurolabinternacional.com\\\/intership\\\/#breadcrumb\",\"itemListElement\":[{\"@type\":\"ListItem\",\"position\":1,\"name\":\"Home\",\"item\":\"https:\\\/\\\/eurolabinternacional.com\\\/\"},{\"@type\":\"ListItem\",\"position\":2,\"name\":\"Intership\"}]},{\"@type\":\"WebSite\",\"@id\":\"https:\\\/\\\/eurolabinternacional.com\\\/#website\",\"url\":\"https:\\\/\\\/eurolabinternacional.com\\\/\",\"name\":\"Eurolab Internacional Grup\",\"description\":\"EUROLAB INTERNATIONAL GROUP\",\"publisher\":{\"@id\":\"https:\\\/\\\/eurolabinternacional.com\\\/#organization\"},\"potentialAction\":[{\"@type\":\"SearchAction\",\"target\":{\"@type\":\"EntryPoint\",\"urlTemplate\":\"https:\\\/\\\/eurolabinternacional.com\\\/?s={search_term_string}\"},\"query-input\":{\"@type\":\"PropertyValueSpecification\",\"valueRequired\":true,\"valueName\":\"search_term_string\"}}],\"inLanguage\":\"en-US\"},{\"@type\":\"Organization\",\"@id\":\"https:\\\/\\\/eurolabinternacional.com\\\/#organization\",\"name\":\"Eurolab Internacional Grup\",\"url\":\"https:\\\/\\\/eurolabinternacional.com\\\/\",\"logo\":{\"@type\":\"ImageObject\",\"inLanguage\":\"en-US\",\"@id\":\"https:\\\/\\\/eurolabinternacional.com\\\/#\\\/schema\\\/logo\\\/image\\\/\",\"url\":\"https:\\\/\\\/eurolabinternacional.com\\\/wp-content\\\/uploads\\\/2024\\\/11\\\/logo.png\",\"contentUrl\":\"https:\\\/\\\/eurolabinternacional.com\\\/wp-content\\\/uploads\\\/2024\\\/11\\\/logo.png\",\"width\":170,\"height\":36,\"caption\":\"Eurolab Internacional Grup\"},\"image\":{\"@id\":\"https:\\\/\\\/eurolabinternacional.com\\\/#\\\/schema\\\/logo\\\/image\\\/\"},\"sameAs\":[\"https:\\\/\\\/www.facebook.com\\\/EurolabInternacionalGrup\",\"https:\\\/\\\/www.linkedin.com\\\/company\\\/eurolab-internacional-grup\\\/\"]}]}<\/script>\n<!-- \/ Yoast SEO plugin. -->","yoast_head_json":{"title":"Intership - Eurolab","robots":{"index":"index","follow":"follow","max-snippet":"max-snippet:-1","max-image-preview":"max-image-preview:large","max-video-preview":"max-video-preview:-1"},"canonical":"https:\/\/eurolabinternacional.com\/en\/intership\/","og_locale":"en_US","og_type":"article","og_title":"Intership - Eurolab","og_description":"Internship Eurolab ofron mund\u00ebsi praktike p\u00ebr student\u00ebt e sapodiplomuar. Bashkohuni me ne dhe do t\u2019ju japim mund\u00ebsi t\u00eb zhvilloheni profesionalisht! D\u00ebshironi nj\u00eb pun\u00eb t\u00eb re p\u00ebr t\u00eb zhvilluar potencialin tuaj?D\u00ebshironi nj\u00eb karrier\u00eb premtuese? Ne do ju mb\u00ebshtesim t\u00eb manifestoni aft\u00ebsit\u00eb tuaja, si dhe t\u00eb pasuroni dhe zhvilloni potencialin tuaj.","og_url":"https:\/\/eurolabinternacional.com\/en\/intership\/","og_site_name":"Eurolab","article_publisher":"https:\/\/www.facebook.com\/EurolabInternacionalGrup","article_modified_time":"2022-04-21T10:23:26+00:00","og_image":[{"width":2000,"height":1008,"url":"https:\/\/eurolabinternacional.com\/wp-content\/uploads\/2022\/04\/karriera.png","type":"image\/png"}],"twitter_card":"summary_large_image","twitter_misc":{"Est. reading time":"1 minute"},"schema":{"@context":"https:\/\/schema.org","@graph":[{"@type":"WebPage","@id":"https:\/\/eurolabinternacional.com\/intership\/","url":"https:\/\/eurolabinternacional.com\/intership\/","name":"Intership - Eurolab","isPartOf":{"@id":"https:\/\/eurolabinternacional.com\/#website"},"primaryImageOfPage":{"@id":"https:\/\/eurolabinternacional.com\/intership\/#primaryimage"},"image":{"@id":"https:\/\/eurolabinternacional.com\/intership\/#primaryimage"},"thumbnailUrl":"https:\/\/eurolabinternacional.com\/wp-content\/uploads\/2022\/04\/karriera.png","datePublished":"2022-04-05T13:19:15+00:00","dateModified":"2022-04-21T10:23:26+00:00","breadcrumb":{"@id":"https:\/\/eurolabinternacional.com\/intership\/#breadcrumb"},"inLanguage":"en-US","potentialAction":[{"@type":"ReadAction","target":["https:\/\/eurolabinternacional.com\/intership\/"]}]},{"@type":"ImageObject","inLanguage":"en-US","@id":"https:\/\/eurolabinternacional.com\/intership\/#primaryimage","url":"https:\/\/eurolabinternacional.com\/wp-content\/uploads\/2022\/04\/karriera.png","contentUrl":"https:\/\/eurolabinternacional.com\/wp-content\/uploads\/2022\/04\/karriera.png","width":2000,"height":1008},{"@type":"BreadcrumbList","@id":"https:\/\/eurolabinternacional.com\/intership\/#breadcrumb","itemListElement":[{"@type":"ListItem","position":1,"name":"Home","item":"https:\/\/eurolabinternacional.com\/"},{"@type":"ListItem","position":2,"name":"Intership"}]},{"@type":"WebSite","@id":"https:\/\/eurolabinternacional.com\/#website","url":"https:\/\/eurolabinternacional.com\/","name":"Eurolab Internacional Grup","description":"EUROLAB INTERNATIONAL GROUP","publisher":{"@id":"https:\/\/eurolabinternacional.com\/#organization"},"potentialAction":[{"@type":"SearchAction","target":{"@type":"EntryPoint","urlTemplate":"https:\/\/eurolabinternacional.com\/?s={search_term_string}"},"query-input":{"@type":"PropertyValueSpecification","valueRequired":true,"valueName":"search_term_string"}}],"inLanguage":"en-US"},{"@type":"Organization","@id":"https:\/\/eurolabinternacional.com\/#organization","name":"Eurolab Internacional Grup","url":"https:\/\/eurolabinternacional.com\/","logo":{"@type":"ImageObject","inLanguage":"en-US","@id":"https:\/\/eurolabinternacional.com\/#\/schema\/logo\/image\/","url":"https:\/\/eurolabinternacional.com\/wp-content\/uploads\/2024\/11\/logo.png","contentUrl":"https:\/\/eurolabinternacional.com\/wp-content\/uploads\/2024\/11\/logo.png","width":170,"height":36,"caption":"Eurolab Internacional Grup"},"image":{"@id":"https:\/\/eurolabinternacional.com\/#\/schema\/logo\/image\/"},"sameAs":["https:\/\/www.facebook.com\/EurolabInternacionalGrup","https:\/\/www.linkedin.com\/company\/eurolab-internacional-grup\/"]}]}},"_links":{"self":[{"href":"https:\/\/eurolabinternacional.com\/en\/wp-json\/wp\/v2\/pages\/118","targetHints":{"allow":["GET"]}}],"collection":[{"href":"https:\/\/eurolabinternacional.com\/en\/wp-json\/wp\/v2\/pages"}],"about":[{"href":"https:\/\/eurolabinternacional.com\/en\/wp-json\/wp\/v2\/types\/page"}],"author":[{"embeddable":true,"href":"https:\/\/eurolabinternacional.com\/en\/wp-json\/wp\/v2\/users\/1"}],"replies":[{"embeddable":true,"href":"https:\/\/eurolabinternacional.com\/en\/wp-json\/wp\/v2\/comments?post=118"}],"version-history":[{"count":0,"href":"https:\/\/eurolabinternacional.com\/en\/wp-json\/wp\/v2\/pages\/118\/revisions"}],"wp:featuredmedia":[{"embeddable":true,"href":"https:\/\/eurolabinternacional.com\/en\/wp-json\/wp\/v2\/media\/241"}],"wp:attachment":[{"href":"https:\/\/eurolabinternacional.com\/en\/wp-json\/wp\/v2\/media?parent=118"}],"curies":[{"name":"wp","href":"https:\/\/api.w.org\/{rel}","templated":true}]}}