{"id":115,"date":"2022-04-05T13:12:30","date_gmt":"2022-04-05T13:12:30","guid":{"rendered":"http:\/\/localhost\/eurolab\/?page_id=115"},"modified":"2022-09-28T14:48:24","modified_gmt":"2022-09-28T14:48:24","slug":"mundesi-punesimi","status":"publish","type":"page","link":"https:\/\/eurolabinternacional.com\/en\/mundesi-punesimi\/","title":{"rendered":"Employment opportunities"},"content":{"rendered":"<h2 class=\"has-text-color wp-block-heading\" style=\"color:#b80000\">Employment opportunities<\/h2>\n\n\n\n<p>Eurolab offers internship opportunities for recent graduates. Join our team, and we'll give you the opportunity to advance professionally! Are you seeking a new position to maximize your potential? Want to have a successful career? Want an internship? <\/p>\n\n\n\n<p>We will help you express your talents, develop and attain your potential.<\/p>\n\n\n\n<p>Authorized Economic Operator (AEO) Status <\/p>\n\n\n\n<p>The Eurolab International Group has made great efforts to expand its business, boost productivity, and make our organization one of the most transparent in Albania and the surrounding countries. <\/p>\n\n\n\n<p>For this reason, the Albanian Customs has granted Eurolab the \"Status of Reliability\" (AEO) of Authorized Economic Operator (AEO) beginning in December 2021, among 8 other businesses. Based on international standards, the OEA status is acknowledged in the CEFTA nations. <\/p>\n\n\n\n<p>What does this entail for Eurolab practically?<\/p>\n\n\n\n<p>\u00b7 Simplified customs clearing procedures in Albania and CEFTA nations <\/p>\n\n\n\n<p>\u00b7 The access of storage areas both inside and outside the Customs area <\/p>\n\n\n\n<p>\u00b7 Reducing necessary guarantees, streamlining transit processes, etc. <\/p>\n\n\n\n<p>Eurolab has complied and has been the subject of control and monitoring for the following criteria: \n- no violation of Customs and Fiscal rules\n- an organization with clear direction and qualified staff \n- a positive Customs transport history \n- a cohesive commercial chain \n- the potential for total control - the capacity for payments \n- safety and health standards at work \n- etc.<\/p>","protected":false},"excerpt":{"rendered":"<p>Mund\u00ebsi Pun\u00ebsimi Eurolab ofron mund\u00ebsi praktike p\u00ebr student\u00ebt e sapodiplomuar. Bashkohuni me ne dhe do t\u2019ju japim mund\u00ebsi t\u00eb zhvilloheni profesionalisht! D\u00ebshironi nj\u00eb pun\u00eb t\u00eb re p\u00ebr t\u00eb zhvilluar potencialin tuaj? D\u00ebshironi nj\u00eb karrier\u00eb premtuese? Deshironi t\u00eb kryeni praktik\u00ebn m\u00ebsimore pran\u00eb Eurolab? Ne do ju mb\u00ebshtesim t\u00eb manifestoni aft\u00ebsit\u00eb tuaja, si dhe t\u00eb pasuroni dhe [&hellip;]<\/p>\n","protected":false},"author":1,"featured_media":241,"parent":0,"menu_order":0,"comment_status":"closed","ping_status":"closed","template":"mundesi-punsimi.php","meta":{"_acf_changed":false,"footnotes":""},"class_list":["post-115","page","type-page","status-publish","has-post-thumbnail","hentry"],"acf":[],"yoast_head":"<!-- This site is optimized with the Yoast SEO plugin v27.3 - https:\/\/yoast.com\/product\/yoast-seo-wordpress\/ -->\n<title>Mund\u00ebsi Pun\u00ebsimi - Eurolab<\/title>\n<meta name=\"robots\" content=\"index, follow, max-snippet:-1, max-image-preview:large, max-video-preview:-1\" \/>\n<link rel=\"canonical\" href=\"https:\/\/eurolabinternacional.com\/en\/mundesi-punesimi\/\" \/>\n<meta property=\"og:locale\" content=\"en_US\" \/>\n<meta property=\"og:type\" content=\"article\" \/>\n<meta property=\"og:title\" content=\"Mund\u00ebsi Pun\u00ebsimi - Eurolab\" \/>\n<meta property=\"og:description\" content=\"Mund\u00ebsi Pun\u00ebsimi Eurolab ofron mund\u00ebsi praktike p\u00ebr student\u00ebt e sapodiplomuar. Bashkohuni me ne dhe do t\u2019ju japim mund\u00ebsi t\u00eb zhvilloheni profesionalisht! D\u00ebshironi nj\u00eb pun\u00eb t\u00eb re p\u00ebr t\u00eb zhvilluar potencialin tuaj? D\u00ebshironi nj\u00eb karrier\u00eb premtuese? Deshironi t\u00eb kryeni praktik\u00ebn m\u00ebsimore pran\u00eb Eurolab? Ne do ju mb\u00ebshtesim t\u00eb manifestoni aft\u00ebsit\u00eb tuaja, si dhe t\u00eb pasuroni dhe [&hellip;]\" \/>\n<meta property=\"og:url\" content=\"https:\/\/eurolabinternacional.com\/en\/mundesi-punesimi\/\" \/>\n<meta property=\"og:site_name\" content=\"Eurolab\" \/>\n<meta property=\"article:publisher\" content=\"https:\/\/www.facebook.com\/EurolabInternacionalGrup\" \/>\n<meta property=\"article:modified_time\" content=\"2022-09-28T14:48:24+00:00\" \/>\n<meta property=\"og:image\" content=\"https:\/\/eurolabinternacional.com\/wp-content\/uploads\/2022\/04\/karriera.png\" \/>\n\t<meta property=\"og:image:width\" content=\"2000\" \/>\n\t<meta property=\"og:image:height\" content=\"1008\" \/>\n\t<meta property=\"og:image:type\" content=\"image\/png\" \/>\n<meta name=\"twitter:card\" content=\"summary_large_image\" \/>\n<meta name=\"twitter:label1\" content=\"Est. reading time\" \/>\n\t<meta name=\"twitter:data1\" content=\"2 minutes\" \/>\n<script type=\"application\/ld+json\" class=\"yoast-schema-graph\">{\"@context\":\"https:\\\/\\\/schema.org\",\"@graph\":[{\"@type\":\"WebPage\",\"@id\":\"https:\\\/\\\/eurolabinternacional.com\\\/mundesi-punesimi\\\/\",\"url\":\"https:\\\/\\\/eurolabinternacional.com\\\/mundesi-punesimi\\\/\",\"name\":\"Mund\u00ebsi Pun\u00ebsimi - Eurolab\",\"isPartOf\":{\"@id\":\"https:\\\/\\\/eurolabinternacional.com\\\/#website\"},\"primaryImageOfPage\":{\"@id\":\"https:\\\/\\\/eurolabinternacional.com\\\/mundesi-punesimi\\\/#primaryimage\"},\"image\":{\"@id\":\"https:\\\/\\\/eurolabinternacional.com\\\/mundesi-punesimi\\\/#primaryimage\"},\"thumbnailUrl\":\"https:\\\/\\\/eurolabinternacional.com\\\/wp-content\\\/uploads\\\/2022\\\/04\\\/karriera.png\",\"datePublished\":\"2022-04-05T13:12:30+00:00\",\"dateModified\":\"2022-09-28T14:48:24+00:00\",\"breadcrumb\":{\"@id\":\"https:\\\/\\\/eurolabinternacional.com\\\/mundesi-punesimi\\\/#breadcrumb\"},\"inLanguage\":\"en-US\",\"potentialAction\":[{\"@type\":\"ReadAction\",\"target\":[\"https:\\\/\\\/eurolabinternacional.com\\\/mundesi-punesimi\\\/\"]}]},{\"@type\":\"ImageObject\",\"inLanguage\":\"en-US\",\"@id\":\"https:\\\/\\\/eurolabinternacional.com\\\/mundesi-punesimi\\\/#primaryimage\",\"url\":\"https:\\\/\\\/eurolabinternacional.com\\\/wp-content\\\/uploads\\\/2022\\\/04\\\/karriera.png\",\"contentUrl\":\"https:\\\/\\\/eurolabinternacional.com\\\/wp-content\\\/uploads\\\/2022\\\/04\\\/karriera.png\",\"width\":2000,\"height\":1008},{\"@type\":\"BreadcrumbList\",\"@id\":\"https:\\\/\\\/eurolabinternacional.com\\\/mundesi-punesimi\\\/#breadcrumb\",\"itemListElement\":[{\"@type\":\"ListItem\",\"position\":1,\"name\":\"Home\",\"item\":\"https:\\\/\\\/eurolabinternacional.com\\\/\"},{\"@type\":\"ListItem\",\"position\":2,\"name\":\"Mund\u00ebsi Pun\u00ebsimi\"}]},{\"@type\":\"WebSite\",\"@id\":\"https:\\\/\\\/eurolabinternacional.com\\\/#website\",\"url\":\"https:\\\/\\\/eurolabinternacional.com\\\/\",\"name\":\"Eurolab Internacional Grup\",\"description\":\"EUROLAB INTERNATIONAL GROUP\",\"publisher\":{\"@id\":\"https:\\\/\\\/eurolabinternacional.com\\\/#organization\"},\"potentialAction\":[{\"@type\":\"SearchAction\",\"target\":{\"@type\":\"EntryPoint\",\"urlTemplate\":\"https:\\\/\\\/eurolabinternacional.com\\\/?s={search_term_string}\"},\"query-input\":{\"@type\":\"PropertyValueSpecification\",\"valueRequired\":true,\"valueName\":\"search_term_string\"}}],\"inLanguage\":\"en-US\"},{\"@type\":\"Organization\",\"@id\":\"https:\\\/\\\/eurolabinternacional.com\\\/#organization\",\"name\":\"Eurolab Internacional Grup\",\"url\":\"https:\\\/\\\/eurolabinternacional.com\\\/\",\"logo\":{\"@type\":\"ImageObject\",\"inLanguage\":\"en-US\",\"@id\":\"https:\\\/\\\/eurolabinternacional.com\\\/#\\\/schema\\\/logo\\\/image\\\/\",\"url\":\"https:\\\/\\\/eurolabinternacional.com\\\/wp-content\\\/uploads\\\/2024\\\/11\\\/logo.png\",\"contentUrl\":\"https:\\\/\\\/eurolabinternacional.com\\\/wp-content\\\/uploads\\\/2024\\\/11\\\/logo.png\",\"width\":170,\"height\":36,\"caption\":\"Eurolab Internacional Grup\"},\"image\":{\"@id\":\"https:\\\/\\\/eurolabinternacional.com\\\/#\\\/schema\\\/logo\\\/image\\\/\"},\"sameAs\":[\"https:\\\/\\\/www.facebook.com\\\/EurolabInternacionalGrup\",\"https:\\\/\\\/www.linkedin.com\\\/company\\\/eurolab-internacional-grup\\\/\"]}]}<\/script>\n<!-- \/ Yoast SEO plugin. -->","yoast_head_json":{"title":"Mund\u00ebsi Pun\u00ebsimi - Eurolab","robots":{"index":"index","follow":"follow","max-snippet":"max-snippet:-1","max-image-preview":"max-image-preview:large","max-video-preview":"max-video-preview:-1"},"canonical":"https:\/\/eurolabinternacional.com\/en\/mundesi-punesimi\/","og_locale":"en_US","og_type":"article","og_title":"Mund\u00ebsi Pun\u00ebsimi - Eurolab","og_description":"Mund\u00ebsi Pun\u00ebsimi Eurolab ofron mund\u00ebsi praktike p\u00ebr student\u00ebt e sapodiplomuar. Bashkohuni me ne dhe do t\u2019ju japim mund\u00ebsi t\u00eb zhvilloheni profesionalisht! D\u00ebshironi nj\u00eb pun\u00eb t\u00eb re p\u00ebr t\u00eb zhvilluar potencialin tuaj? D\u00ebshironi nj\u00eb karrier\u00eb premtuese? Deshironi t\u00eb kryeni praktik\u00ebn m\u00ebsimore pran\u00eb Eurolab? Ne do ju mb\u00ebshtesim t\u00eb manifestoni aft\u00ebsit\u00eb tuaja, si dhe t\u00eb pasuroni dhe [&hellip;]","og_url":"https:\/\/eurolabinternacional.com\/en\/mundesi-punesimi\/","og_site_name":"Eurolab","article_publisher":"https:\/\/www.facebook.com\/EurolabInternacionalGrup","article_modified_time":"2022-09-28T14:48:24+00:00","og_image":[{"width":2000,"height":1008,"url":"https:\/\/eurolabinternacional.com\/wp-content\/uploads\/2022\/04\/karriera.png","type":"image\/png"}],"twitter_card":"summary_large_image","twitter_misc":{"Est. reading time":"2 minutes"},"schema":{"@context":"https:\/\/schema.org","@graph":[{"@type":"WebPage","@id":"https:\/\/eurolabinternacional.com\/mundesi-punesimi\/","url":"https:\/\/eurolabinternacional.com\/mundesi-punesimi\/","name":"Mund\u00ebsi Pun\u00ebsimi - Eurolab","isPartOf":{"@id":"https:\/\/eurolabinternacional.com\/#website"},"primaryImageOfPage":{"@id":"https:\/\/eurolabinternacional.com\/mundesi-punesimi\/#primaryimage"},"image":{"@id":"https:\/\/eurolabinternacional.com\/mundesi-punesimi\/#primaryimage"},"thumbnailUrl":"https:\/\/eurolabinternacional.com\/wp-content\/uploads\/2022\/04\/karriera.png","datePublished":"2022-04-05T13:12:30+00:00","dateModified":"2022-09-28T14:48:24+00:00","breadcrumb":{"@id":"https:\/\/eurolabinternacional.com\/mundesi-punesimi\/#breadcrumb"},"inLanguage":"en-US","potentialAction":[{"@type":"ReadAction","target":["https:\/\/eurolabinternacional.com\/mundesi-punesimi\/"]}]},{"@type":"ImageObject","inLanguage":"en-US","@id":"https:\/\/eurolabinternacional.com\/mundesi-punesimi\/#primaryimage","url":"https:\/\/eurolabinternacional.com\/wp-content\/uploads\/2022\/04\/karriera.png","contentUrl":"https:\/\/eurolabinternacional.com\/wp-content\/uploads\/2022\/04\/karriera.png","width":2000,"height":1008},{"@type":"BreadcrumbList","@id":"https:\/\/eurolabinternacional.com\/mundesi-punesimi\/#breadcrumb","itemListElement":[{"@type":"ListItem","position":1,"name":"Home","item":"https:\/\/eurolabinternacional.com\/"},{"@type":"ListItem","position":2,"name":"Mund\u00ebsi Pun\u00ebsimi"}]},{"@type":"WebSite","@id":"https:\/\/eurolabinternacional.com\/#website","url":"https:\/\/eurolabinternacional.com\/","name":"Eurolab Internacional Grup","description":"EUROLAB INTERNATIONAL GROUP","publisher":{"@id":"https:\/\/eurolabinternacional.com\/#organization"},"potentialAction":[{"@type":"SearchAction","target":{"@type":"EntryPoint","urlTemplate":"https:\/\/eurolabinternacional.com\/?s={search_term_string}"},"query-input":{"@type":"PropertyValueSpecification","valueRequired":true,"valueName":"search_term_string"}}],"inLanguage":"en-US"},{"@type":"Organization","@id":"https:\/\/eurolabinternacional.com\/#organization","name":"Eurolab Internacional Grup","url":"https:\/\/eurolabinternacional.com\/","logo":{"@type":"ImageObject","inLanguage":"en-US","@id":"https:\/\/eurolabinternacional.com\/#\/schema\/logo\/image\/","url":"https:\/\/eurolabinternacional.com\/wp-content\/uploads\/2024\/11\/logo.png","contentUrl":"https:\/\/eurolabinternacional.com\/wp-content\/uploads\/2024\/11\/logo.png","width":170,"height":36,"caption":"Eurolab Internacional Grup"},"image":{"@id":"https:\/\/eurolabinternacional.com\/#\/schema\/logo\/image\/"},"sameAs":["https:\/\/www.facebook.com\/EurolabInternacionalGrup","https:\/\/www.linkedin.com\/company\/eurolab-internacional-grup\/"]}]}},"_links":{"self":[{"href":"https:\/\/eurolabinternacional.com\/en\/wp-json\/wp\/v2\/pages\/115","targetHints":{"allow":["GET"]}}],"collection":[{"href":"https:\/\/eurolabinternacional.com\/en\/wp-json\/wp\/v2\/pages"}],"about":[{"href":"https:\/\/eurolabinternacional.com\/en\/wp-json\/wp\/v2\/types\/page"}],"author":[{"embeddable":true,"href":"https:\/\/eurolabinternacional.com\/en\/wp-json\/wp\/v2\/users\/1"}],"replies":[{"embeddable":true,"href":"https:\/\/eurolabinternacional.com\/en\/wp-json\/wp\/v2\/comments?post=115"}],"version-history":[{"count":0,"href":"https:\/\/eurolabinternacional.com\/en\/wp-json\/wp\/v2\/pages\/115\/revisions"}],"wp:featuredmedia":[{"embeddable":true,"href":"https:\/\/eurolabinternacional.com\/en\/wp-json\/wp\/v2\/media\/241"}],"wp:attachment":[{"href":"https:\/\/eurolabinternacional.com\/en\/wp-json\/wp\/v2\/media?parent=115"}],"curies":[{"name":"wp","href":"https:\/\/api.w.org\/{rel}","templated":true}]}}